{"id":10031,"date":"2025-12-25T11:44:24","date_gmt":"2025-12-25T10:44:24","guid":{"rendered":"https:\/\/mbacapital.com\/?page_id=10031"},"modified":"2026-01-11T22:43:45","modified_gmt":"2026-01-11T21:43:45","slug":"merci-yearbook","status":"publish","type":"page","link":"https:\/\/mbacapital.com\/en\/landing\/merci-yearbook\/","title":{"rendered":"Merci Yearbook"},"content":{"rendered":"<div data-elementor-type=\"wp-page\" data-elementor-id=\"10031\" class=\"elementor elementor-10031\" data-elementor-post-type=\"page\">\n\t\t\t\t<div class=\"elementor-element elementor-element-1cfe37c e-flex e-con-boxed e-con e-parent\" data-id=\"1cfe37c\" data-element_type=\"container\" data-e-type=\"container\" data-settings=\"{&quot;background_background&quot;:&quot;gradient&quot;}\">\n\t\t\t\t\t<div class=\"e-con-inner\">\n\t\t\t\t<div class=\"elementor-element elementor-element-70b0210 elementor-view-default elementor-widget elementor-widget-icon\" data-id=\"70b0210\" data-element_type=\"widget\" data-e-type=\"widget\" data-widget_type=\"icon.default\">\n\t\t\t\t\t\t\t<div class=\"elementor-icon-wrapper\">\n\t\t\t<div class=\"elementor-icon\">\n\t\t\t<svg xmlns=\"http:\/\/www.w3.org\/2000\/svg\" width=\"190\" height=\"190\" viewbox=\"0 0 190 190\" fill=\"none\"><path d=\"M94.5834 189.167C107.006 189.182 119.31 186.743 130.788 181.988C142.265 177.234 152.69 170.259 161.463 161.463C170.259 152.69 177.234 142.265 181.988 130.788C186.743 119.31 189.182 107.006 189.167 94.5834C189.182 82.1603 186.743 69.8566 181.988 58.3792C177.234 46.9018 170.259 36.4769 161.463 27.7035C152.69 18.908 142.265 11.9328 130.788 7.17855C119.31 2.4243 107.006 -0.0152476 94.5834 7.17033e-05C82.1603 -0.0152476 69.8566 2.4243 58.3792 7.17855C46.9018 11.9328 36.4769 18.908 27.7035 27.7035C18.908 36.4769 11.9328 46.9018 7.17855 58.3792C2.4243 69.8566 -0.0152476 82.1603 7.17033e-05 94.5834C-0.0152476 107.006 2.4243 119.31 7.17855 130.788C11.9328 142.265 18.908 152.69 27.7035 161.463C36.4769 170.259 46.9018 177.234 58.3792 181.988C69.8566 186.743 82.1603 189.182 94.5834 189.167Z\" fill=\"#CEA9BB\"><\/path><path d=\"M56.75 94.5834L85.125 122.958L141.875 66.2084\" fill=\"#CEA9BB\"><\/path><path d=\"M56.75 94.5834L85.125 122.958L141.875 66.2084\" stroke=\"#7B003A\" stroke-width=\"10\" stroke-linecap=\"round\" stroke-linejoin=\"round\"><\/path><\/svg>\t\t\t<\/div>\n\t\t<\/div>\n\t\t\t\t\t\t<\/div>\n\t\t<div class=\"elementor-element elementor-element-7c64882 e-con-full e-flex e-con e-child\" data-id=\"7c64882\" data-element_type=\"container\" data-e-type=\"container\">\n\t\t\t\t<div class=\"elementor-element elementor-element-aebc8b4 elementor-widget elementor-widget-heading\" data-id=\"aebc8b4\" data-element_type=\"widget\" data-e-type=\"widget\" data-widget_type=\"heading.default\">\n\t\t\t\t\t<h2 class=\"elementor-heading-title elementor-size-default\">Merci ! Votre Yearbook est en cours de t\u00e9l\u00e9chargement.<\/h2>\t\t\t\t<\/div>\n\t\t\t\t<div class=\"elementor-element elementor-element-704f7f4 elementor-widget elementor-widget-text-editor\" data-id=\"704f7f4\" data-element_type=\"widget\" data-e-type=\"widget\" data-widget_type=\"text-editor.default\">\n\t\t\t\t\t\t\t\t\t<p>Vous pouvez revenir \u00e0 la page ou d\u00e9couvrir d\u2019autres contenus.<\/p>\t\t\t\t\t\t\t\t<\/div>\n\t\t\t\t<\/div>\n\t\t\t\t<div class=\"elementor-element elementor-element-a3031cf elementor-widget elementor-widget-button\" data-id=\"a3031cf\" data-element_type=\"widget\" data-e-type=\"widget\" data-widget_type=\"button.default\">\n\t\t\t\t\t\t\t\t\t\t<a class=\"elementor-button elementor-button-link elementor-size-sm\" href=\"https:\/\/mbacapital.com\/en\/landing\/\">\n\t\t\t\t\t\t<span class=\"elementor-button-content-wrapper\">\n\t\t\t\t\t\t\t\t\t<span class=\"elementor-button-text\">Retour \u00e0 la page<\/span>\n\t\t\t\t\t<\/span>\n\t\t\t\t\t<\/a>\n\t\t\t\t\t\t\t\t<\/div>\n\t\t\t\t<div class=\"elementor-element elementor-element-7950375 elementor-widget elementor-widget-text-editor\" data-id=\"7950375\" data-element_type=\"widget\" data-e-type=\"widget\" id=\"yearbook-download\" data-widget_type=\"text-editor.default\">\n\t\t\t\t\t\t\t\t\t<p>Si le t\u00e9l\u00e9chargement ne d\u00e9marre pas, <span style=\"text-decoration: underline;\"><span style=\"color: #677888;\"><a style=\"color: #677888; text-decoration: underline;\" href=\"#\">cliquez ici<\/a><\/span><\/span>.<\/p>\t\t\t\t\t\t\t\t<\/div>\n\t\t\t\t\t<\/div>\n\t\t\t\t<\/div>\n\t\t\t\t<\/div>","protected":false},"excerpt":{"rendered":"<p>Merci ! Votre Yearbook est en cours de t\u00e9l\u00e9chargement. Vous pouvez revenir \u00e0 la page ou d\u00e9couvrir d\u2019autres contenus. Retour&#8230;<\/p>","protected":false},"author":11,"featured_media":0,"parent":9790,"menu_order":0,"comment_status":"closed","ping_status":"closed","template":"elementor_canvas","meta":{"_acf_changed":false,"footnotes":""},"class_list":["post-10031","page","type-page","status-publish","hentry"],"acf":[],"yoast_head":"<!-- This site is optimized with the Yoast SEO plugin v27.3 - https:\/\/yoast.com\/product\/yoast-seo-wordpress\/ -->\n<title>Merci Yearbook | MBA Capital<\/title>\n<meta name=\"robots\" content=\"index, follow, max-snippet:-1, max-image-preview:large, max-video-preview:-1\" \/>\n<link rel=\"canonical\" href=\"https:\/\/mbacapital.com\/en\/landing\/merci-yearbook\/\" \/>\n<meta property=\"og:locale\" content=\"en_US\" \/>\n<meta property=\"og:type\" content=\"article\" \/>\n<meta property=\"og:title\" content=\"Merci Yearbook | MBA Capital\" \/>\n<meta property=\"og:description\" content=\"Merci ! Votre Yearbook est en cours de t\u00e9l\u00e9chargement. Vous pouvez revenir \u00e0 la page ou d\u00e9couvrir d\u2019autres contenus. Retour...\" \/>\n<meta property=\"og:url\" content=\"https:\/\/mbacapital.com\/en\/landing\/merci-yearbook\/\" \/>\n<meta property=\"og:site_name\" content=\"MBA Capital\" \/>\n<meta property=\"article:modified_time\" content=\"2026-01-11T21:43:45+00:00\" \/>\n<meta name=\"twitter:card\" content=\"summary_large_image\" \/>\n<meta name=\"twitter:label1\" content=\"Est. reading time\" \/>\n\t<meta name=\"twitter:data1\" content=\"1 minute\" \/>\n<script type=\"application\/ld+json\" class=\"yoast-schema-graph\">{\"@context\":\"https:\\\/\\\/schema.org\",\"@graph\":[{\"@type\":\"WebPage\",\"@id\":\"https:\\\/\\\/mbacapital.com\\\/landing\\\/merci-yearbook\\\/\",\"url\":\"https:\\\/\\\/mbacapital.com\\\/landing\\\/merci-yearbook\\\/\",\"name\":\"Merci Yearbook | MBA Capital\",\"isPartOf\":{\"@id\":\"https:\\\/\\\/mbacapital.com\\\/en\\\/#website\"},\"datePublished\":\"2025-12-25T10:44:24+00:00\",\"dateModified\":\"2026-01-11T21:43:45+00:00\",\"breadcrumb\":{\"@id\":\"https:\\\/\\\/mbacapital.com\\\/landing\\\/merci-yearbook\\\/#breadcrumb\"},\"inLanguage\":\"en-US\",\"potentialAction\":[{\"@type\":\"ReadAction\",\"target\":[\"https:\\\/\\\/mbacapital.com\\\/landing\\\/merci-yearbook\\\/\"]}]},{\"@type\":\"BreadcrumbList\",\"@id\":\"https:\\\/\\\/mbacapital.com\\\/landing\\\/merci-yearbook\\\/#breadcrumb\",\"itemListElement\":[{\"@type\":\"ListItem\",\"position\":1,\"name\":\"Accueil\",\"item\":\"https:\\\/\\\/mbacapital.com\\\/en\\\/\"},{\"@type\":\"ListItem\",\"position\":2,\"name\":\"Landing\",\"item\":\"https:\\\/\\\/mbacapital.com\\\/landing\\\/\"},{\"@type\":\"ListItem\",\"position\":3,\"name\":\"Merci Yearbook\"}]},{\"@type\":\"WebSite\",\"@id\":\"https:\\\/\\\/mbacapital.com\\\/en\\\/#website\",\"url\":\"https:\\\/\\\/mbacapital.com\\\/en\\\/\",\"name\":\"MBA Capital\",\"description\":\"Le sp\u00e9cialiste du conseil en cession, fusion-acquisition aupr\u00e8s des PME et ETI depuis 1998\",\"publisher\":{\"@id\":\"https:\\\/\\\/mbacapital.com\\\/en\\\/#organization\"},\"potentialAction\":[{\"@type\":\"SearchAction\",\"target\":{\"@type\":\"EntryPoint\",\"urlTemplate\":\"https:\\\/\\\/mbacapital.com\\\/en\\\/?s={search_term_string}\"},\"query-input\":{\"@type\":\"PropertyValueSpecification\",\"valueRequired\":true,\"valueName\":\"search_term_string\"}}],\"inLanguage\":\"en-US\"},{\"@type\":\"Organization\",\"@id\":\"https:\\\/\\\/mbacapital.com\\\/en\\\/#organization\",\"name\":\"MBA Capital\",\"url\":\"https:\\\/\\\/mbacapital.com\\\/en\\\/\",\"logo\":{\"@type\":\"ImageObject\",\"inLanguage\":\"en-US\",\"@id\":\"https:\\\/\\\/mbacapital.com\\\/en\\\/#\\\/schema\\\/logo\\\/image\\\/\",\"url\":\"https:\\\/\\\/mbacapital.com\\\/app\\\/uploads\\\/2021\\\/01\\\/cropped-favicon.png\",\"contentUrl\":\"https:\\\/\\\/mbacapital.com\\\/app\\\/uploads\\\/2021\\\/01\\\/cropped-favicon.png\",\"width\":512,\"height\":512,\"caption\":\"MBA Capital\"},\"image\":{\"@id\":\"https:\\\/\\\/mbacapital.com\\\/en\\\/#\\\/schema\\\/logo\\\/image\\\/\"}}]}<\/script>\n<!-- \/ Yoast SEO plugin. -->","yoast_head_json":{"title":"Merci Yearbook | MBA Capital","robots":{"index":"index","follow":"follow","max-snippet":"max-snippet:-1","max-image-preview":"max-image-preview:large","max-video-preview":"max-video-preview:-1"},"canonical":"https:\/\/mbacapital.com\/en\/landing\/merci-yearbook\/","og_locale":"en_US","og_type":"article","og_title":"Merci Yearbook | MBA Capital","og_description":"Merci ! Votre Yearbook est en cours de t\u00e9l\u00e9chargement. Vous pouvez revenir \u00e0 la page ou d\u00e9couvrir d\u2019autres contenus. Retour...","og_url":"https:\/\/mbacapital.com\/en\/landing\/merci-yearbook\/","og_site_name":"MBA Capital","article_modified_time":"2026-01-11T21:43:45+00:00","twitter_card":"summary_large_image","twitter_misc":{"Est. reading time":"1 minute"},"schema":{"@context":"https:\/\/schema.org","@graph":[{"@type":"WebPage","@id":"https:\/\/mbacapital.com\/landing\/merci-yearbook\/","url":"https:\/\/mbacapital.com\/landing\/merci-yearbook\/","name":"Merci Yearbook | MBA Capital","isPartOf":{"@id":"https:\/\/mbacapital.com\/en\/#website"},"datePublished":"2025-12-25T10:44:24+00:00","dateModified":"2026-01-11T21:43:45+00:00","breadcrumb":{"@id":"https:\/\/mbacapital.com\/landing\/merci-yearbook\/#breadcrumb"},"inLanguage":"en-US","potentialAction":[{"@type":"ReadAction","target":["https:\/\/mbacapital.com\/landing\/merci-yearbook\/"]}]},{"@type":"BreadcrumbList","@id":"https:\/\/mbacapital.com\/landing\/merci-yearbook\/#breadcrumb","itemListElement":[{"@type":"ListItem","position":1,"name":"Accueil","item":"https:\/\/mbacapital.com\/en\/"},{"@type":"ListItem","position":2,"name":"Landing","item":"https:\/\/mbacapital.com\/landing\/"},{"@type":"ListItem","position":3,"name":"Merci Yearbook"}]},{"@type":"WebSite","@id":"https:\/\/mbacapital.com\/en\/#website","url":"https:\/\/mbacapital.com\/en\/","name":"MBA Capital","description":"Le sp\u00e9cialiste du conseil en cession, fusion-acquisition aupr\u00e8s des PME et ETI depuis 1998","publisher":{"@id":"https:\/\/mbacapital.com\/en\/#organization"},"potentialAction":[{"@type":"SearchAction","target":{"@type":"EntryPoint","urlTemplate":"https:\/\/mbacapital.com\/en\/?s={search_term_string}"},"query-input":{"@type":"PropertyValueSpecification","valueRequired":true,"valueName":"search_term_string"}}],"inLanguage":"en-US"},{"@type":"Organization","@id":"https:\/\/mbacapital.com\/en\/#organization","name":"MBA Capital","url":"https:\/\/mbacapital.com\/en\/","logo":{"@type":"ImageObject","inLanguage":"en-US","@id":"https:\/\/mbacapital.com\/en\/#\/schema\/logo\/image\/","url":"https:\/\/mbacapital.com\/app\/uploads\/2021\/01\/cropped-favicon.png","contentUrl":"https:\/\/mbacapital.com\/app\/uploads\/2021\/01\/cropped-favicon.png","width":512,"height":512,"caption":"MBA Capital"},"image":{"@id":"https:\/\/mbacapital.com\/en\/#\/schema\/logo\/image\/"}}]}},"_links":{"self":[{"href":"https:\/\/mbacapital.com\/en\/wp-json\/wp\/v2\/pages\/10031","targetHints":{"allow":["GET"]}}],"collection":[{"href":"https:\/\/mbacapital.com\/en\/wp-json\/wp\/v2\/pages"}],"about":[{"href":"https:\/\/mbacapital.com\/en\/wp-json\/wp\/v2\/types\/page"}],"author":[{"embeddable":true,"href":"https:\/\/mbacapital.com\/en\/wp-json\/wp\/v2\/users\/11"}],"replies":[{"embeddable":true,"href":"https:\/\/mbacapital.com\/en\/wp-json\/wp\/v2\/comments?post=10031"}],"version-history":[{"count":13,"href":"https:\/\/mbacapital.com\/en\/wp-json\/wp\/v2\/pages\/10031\/revisions"}],"predecessor-version":[{"id":10430,"href":"https:\/\/mbacapital.com\/en\/wp-json\/wp\/v2\/pages\/10031\/revisions\/10430"}],"up":[{"embeddable":true,"href":"https:\/\/mbacapital.com\/en\/wp-json\/wp\/v2\/pages\/9790"}],"wp:attachment":[{"href":"https:\/\/mbacapital.com\/en\/wp-json\/wp\/v2\/media?parent=10031"}],"curies":[{"name":"wp","href":"https:\/\/api.w.org\/{rel}","templated":true}]}}