{"id":10033,"date":"2025-12-25T11:44:58","date_gmt":"2025-12-25T10:44:58","guid":{"rendered":"https:\/\/mbacapital.com\/?page_id=10033"},"modified":"2026-01-11T22:50:18","modified_gmt":"2026-01-11T21:50:18","slug":"merci-livre-blanc","status":"publish","type":"page","link":"https:\/\/mbacapital.com\/en\/landing\/merci-livre-blanc\/","title":{"rendered":"Merci livre blanc"},"content":{"rendered":"<div data-elementor-type=\"wp-page\" data-elementor-id=\"10033\" class=\"elementor elementor-10033\" data-elementor-post-type=\"page\">\n\t\t\t\t<div class=\"elementor-element elementor-element-47086a8 e-flex e-con-boxed e-con e-parent\" data-id=\"47086a8\" data-element_type=\"container\" data-e-type=\"container\" data-settings=\"{&quot;background_background&quot;:&quot;gradient&quot;}\">\n\t\t\t\t\t<div class=\"e-con-inner\">\n\t\t\t\t<div class=\"elementor-element elementor-element-cb45857 elementor-view-default elementor-widget elementor-widget-icon\" data-id=\"cb45857\" data-element_type=\"widget\" data-e-type=\"widget\" data-widget_type=\"icon.default\">\n\t\t\t\t\t\t\t<div class=\"elementor-icon-wrapper\">\n\t\t\t<div class=\"elementor-icon\">\n\t\t\t<svg xmlns=\"http:\/\/www.w3.org\/2000\/svg\" width=\"190\" height=\"190\" viewbox=\"0 0 190 190\" fill=\"none\"><path d=\"M94.5834 189.167C107.006 189.182 119.31 186.743 130.788 181.988C142.265 177.234 152.69 170.259 161.463 161.463C170.259 152.69 177.234 142.265 181.988 130.788C186.743 119.31 189.182 107.006 189.167 94.5834C189.182 82.1603 186.743 69.8566 181.988 58.3792C177.234 46.9018 170.259 36.4769 161.463 27.7035C152.69 18.908 142.265 11.9328 130.788 7.17855C119.31 2.4243 107.006 -0.0152476 94.5834 7.17033e-05C82.1603 -0.0152476 69.8566 2.4243 58.3792 7.17855C46.9018 11.9328 36.4769 18.908 27.7035 27.7035C18.908 36.4769 11.9328 46.9018 7.17855 58.3792C2.4243 69.8566 -0.0152476 82.1603 7.17033e-05 94.5834C-0.0152476 107.006 2.4243 119.31 7.17855 130.788C11.9328 142.265 18.908 152.69 27.7035 161.463C36.4769 170.259 46.9018 177.234 58.3792 181.988C69.8566 186.743 82.1603 189.182 94.5834 189.167Z\" fill=\"#CEA9BB\"><\/path><path d=\"M56.75 94.5834L85.125 122.958L141.875 66.2084\" fill=\"#CEA9BB\"><\/path><path d=\"M56.75 94.5834L85.125 122.958L141.875 66.2084\" stroke=\"#7B003A\" stroke-width=\"10\" stroke-linecap=\"round\" stroke-linejoin=\"round\"><\/path><\/svg>\t\t\t<\/div>\n\t\t<\/div>\n\t\t\t\t\t\t<\/div>\n\t\t<div class=\"elementor-element elementor-element-2bab763 e-con-full e-flex e-con e-child\" data-id=\"2bab763\" data-element_type=\"container\" data-e-type=\"container\">\n\t\t\t\t<div class=\"elementor-element elementor-element-633fa2a elementor-widget elementor-widget-heading\" data-id=\"633fa2a\" data-element_type=\"widget\" data-e-type=\"widget\" data-widget_type=\"heading.default\">\n\t\t\t\t\t<h2 class=\"elementor-heading-title elementor-size-default\">Merci ! Votre livre blanc est en cours de t\u00e9l\u00e9chargement.<\/h2>\t\t\t\t<\/div>\n\t\t\t\t<div class=\"elementor-element elementor-element-ed12d55 elementor-widget elementor-widget-text-editor\" data-id=\"ed12d55\" data-element_type=\"widget\" data-e-type=\"widget\" data-widget_type=\"text-editor.default\">\n\t\t\t\t\t\t\t\t\t<p>Vous pouvez revenir \u00e0 la page ou d\u00e9couvrir d\u2019autres contenus.<\/p>\t\t\t\t\t\t\t\t<\/div>\n\t\t\t\t<\/div>\n\t\t\t\t<div class=\"elementor-element elementor-element-5c91902 elementor-widget elementor-widget-button\" data-id=\"5c91902\" data-element_type=\"widget\" data-e-type=\"widget\" data-widget_type=\"button.default\">\n\t\t\t\t\t\t\t\t\t\t<a class=\"elementor-button elementor-button-link elementor-size-sm\" href=\"https:\/\/mbacapital.com\/en\/landing\/\">\n\t\t\t\t\t\t<span class=\"elementor-button-content-wrapper\">\n\t\t\t\t\t\t\t\t\t<span class=\"elementor-button-text\">Retour \u00e0 la page<\/span>\n\t\t\t\t\t<\/span>\n\t\t\t\t\t<\/a>\n\t\t\t\t\t\t\t\t<\/div>\n\t\t<div class=\"elementor-element elementor-element-605f8d0 e-con-full e-flex e-con e-child\" data-id=\"605f8d0\" data-element_type=\"container\" data-e-type=\"container\">\n\t\t\t\t<div class=\"elementor-element elementor-element-f2b02dd elementor-widget elementor-widget-text-editor\" data-id=\"f2b02dd\" data-element_type=\"widget\" data-e-type=\"widget\" data-widget_type=\"text-editor.default\">\n\t\t\t\t\t\t\t\t\t<p>Si le t\u00e9l\u00e9chargement ne d\u00e9marre pas,\u00a0<\/p>\t\t\t\t\t\t\t\t<\/div>\n\t\t\t\t<div class=\"elementor-element elementor-element-9b0291a elementor-widget elementor-widget-heading\" data-id=\"9b0291a\" data-element_type=\"widget\" data-e-type=\"widget\" data-widget_type=\"heading.default\">\n\t\t\t\t\t<p class=\"elementor-heading-title elementor-size-default\"><a href=\"https:\/\/mbacapital.com\/en\/app\/uploads\/2026\/01\/Conseils-cession-Livre-blanc-MBA-Capital.pdf\/\" id=\"text-download-start-now\" download=\"\">cliquez ici.<\/a><\/p>\t\t\t\t<\/div>\n\t\t\t\t<\/div>\n\t\t\t\t\t<\/div>\n\t\t\t\t<\/div>\n\t\t<div class=\"elementor-element elementor-element-4c02388 elementor-hidden-desktop elementor-hidden-tablet elementor-hidden-mobile e-flex e-con-boxed e-con e-parent\" data-id=\"4c02388\" data-element_type=\"container\" data-e-type=\"container\">\n\t\t\t\t\t<div class=\"e-con-inner\">\n\t\t\t\t<div class=\"elementor-element elementor-element-09a6c8c elementor-widget elementor-widget-html\" data-id=\"09a6c8c\" data-element_type=\"widget\" data-e-type=\"widget\" data-widget_type=\"html.default\">\n\t\t\t\t\t<script type=\"text\/javascript\">\r\n\tdocument.addEventListener(\"DOMContentLoaded\", function() {\r\n\t\/\/ S\u00e9lectionner le conteneur par son ID\r\n\tvar link = document.getElementById(\"text-download-start-now\");\r\n\tif (link) {\r\n\t\t\/\/ Lancer le clic automatiquement\r\n\t\tlink.click();\r\n\t}\r\n\t});\r\n<\/script>\t\t\t\t<\/div>\n\t\t\t\t\t<\/div>\n\t\t\t\t<\/div>\n\t\t\t\t<\/div>","protected":false},"excerpt":{"rendered":"<p>Merci ! Votre livre blanc est en cours de t\u00e9l\u00e9chargement. Vous pouvez revenir \u00e0 la page ou d\u00e9couvrir d\u2019autres contenus&#8230;.<\/p>","protected":false},"author":11,"featured_media":0,"parent":9790,"menu_order":0,"comment_status":"closed","ping_status":"closed","template":"elementor_canvas","meta":{"_acf_changed":false,"footnotes":""},"class_list":["post-10033","page","type-page","status-publish","hentry"],"acf":[],"yoast_head":"<!-- This site is optimized with the Yoast SEO plugin v27.3 - https:\/\/yoast.com\/product\/yoast-seo-wordpress\/ -->\n<title>Merci livre blanc | MBA Capital<\/title>\n<meta name=\"robots\" content=\"index, follow, max-snippet:-1, max-image-preview:large, max-video-preview:-1\" \/>\n<link rel=\"canonical\" href=\"https:\/\/mbacapital.com\/en\/landing\/merci-livre-blanc\/\" \/>\n<meta property=\"og:locale\" content=\"en_US\" \/>\n<meta property=\"og:type\" content=\"article\" \/>\n<meta property=\"og:title\" content=\"Merci livre blanc | MBA Capital\" \/>\n<meta property=\"og:description\" content=\"Merci ! Votre livre blanc est en cours de t\u00e9l\u00e9chargement. Vous pouvez revenir \u00e0 la page ou d\u00e9couvrir d\u2019autres contenus....\" \/>\n<meta property=\"og:url\" content=\"https:\/\/mbacapital.com\/en\/landing\/merci-livre-blanc\/\" \/>\n<meta property=\"og:site_name\" content=\"MBA Capital\" \/>\n<meta property=\"article:modified_time\" content=\"2026-01-11T21:50:18+00:00\" \/>\n<meta name=\"twitter:card\" content=\"summary_large_image\" \/>\n<meta name=\"twitter:label1\" content=\"Est. reading time\" \/>\n\t<meta name=\"twitter:data1\" content=\"1 minute\" \/>\n<script type=\"application\/ld+json\" class=\"yoast-schema-graph\">{\"@context\":\"https:\\\/\\\/schema.org\",\"@graph\":[{\"@type\":\"WebPage\",\"@id\":\"https:\\\/\\\/mbacapital.com\\\/landing\\\/merci-livre-blanc\\\/\",\"url\":\"https:\\\/\\\/mbacapital.com\\\/landing\\\/merci-livre-blanc\\\/\",\"name\":\"Merci livre blanc | MBA Capital\",\"isPartOf\":{\"@id\":\"https:\\\/\\\/mbacapital.com\\\/en\\\/#website\"},\"datePublished\":\"2025-12-25T10:44:58+00:00\",\"dateModified\":\"2026-01-11T21:50:18+00:00\",\"breadcrumb\":{\"@id\":\"https:\\\/\\\/mbacapital.com\\\/landing\\\/merci-livre-blanc\\\/#breadcrumb\"},\"inLanguage\":\"en-US\",\"potentialAction\":[{\"@type\":\"ReadAction\",\"target\":[\"https:\\\/\\\/mbacapital.com\\\/landing\\\/merci-livre-blanc\\\/\"]}]},{\"@type\":\"BreadcrumbList\",\"@id\":\"https:\\\/\\\/mbacapital.com\\\/landing\\\/merci-livre-blanc\\\/#breadcrumb\",\"itemListElement\":[{\"@type\":\"ListItem\",\"position\":1,\"name\":\"Accueil\",\"item\":\"https:\\\/\\\/mbacapital.com\\\/en\\\/\"},{\"@type\":\"ListItem\",\"position\":2,\"name\":\"Landing\",\"item\":\"https:\\\/\\\/mbacapital.com\\\/landing\\\/\"},{\"@type\":\"ListItem\",\"position\":3,\"name\":\"Merci livre blanc\"}]},{\"@type\":\"WebSite\",\"@id\":\"https:\\\/\\\/mbacapital.com\\\/en\\\/#website\",\"url\":\"https:\\\/\\\/mbacapital.com\\\/en\\\/\",\"name\":\"MBA Capital\",\"description\":\"Le sp\u00e9cialiste du conseil en cession, fusion-acquisition aupr\u00e8s des PME et ETI depuis 1998\",\"publisher\":{\"@id\":\"https:\\\/\\\/mbacapital.com\\\/en\\\/#organization\"},\"potentialAction\":[{\"@type\":\"SearchAction\",\"target\":{\"@type\":\"EntryPoint\",\"urlTemplate\":\"https:\\\/\\\/mbacapital.com\\\/en\\\/?s={search_term_string}\"},\"query-input\":{\"@type\":\"PropertyValueSpecification\",\"valueRequired\":true,\"valueName\":\"search_term_string\"}}],\"inLanguage\":\"en-US\"},{\"@type\":\"Organization\",\"@id\":\"https:\\\/\\\/mbacapital.com\\\/en\\\/#organization\",\"name\":\"MBA Capital\",\"url\":\"https:\\\/\\\/mbacapital.com\\\/en\\\/\",\"logo\":{\"@type\":\"ImageObject\",\"inLanguage\":\"en-US\",\"@id\":\"https:\\\/\\\/mbacapital.com\\\/en\\\/#\\\/schema\\\/logo\\\/image\\\/\",\"url\":\"https:\\\/\\\/mbacapital.com\\\/app\\\/uploads\\\/2021\\\/01\\\/cropped-favicon.png\",\"contentUrl\":\"https:\\\/\\\/mbacapital.com\\\/app\\\/uploads\\\/2021\\\/01\\\/cropped-favicon.png\",\"width\":512,\"height\":512,\"caption\":\"MBA Capital\"},\"image\":{\"@id\":\"https:\\\/\\\/mbacapital.com\\\/en\\\/#\\\/schema\\\/logo\\\/image\\\/\"}}]}<\/script>\n<!-- \/ Yoast SEO plugin. -->","yoast_head_json":{"title":"Merci livre blanc | MBA Capital","robots":{"index":"index","follow":"follow","max-snippet":"max-snippet:-1","max-image-preview":"max-image-preview:large","max-video-preview":"max-video-preview:-1"},"canonical":"https:\/\/mbacapital.com\/en\/landing\/merci-livre-blanc\/","og_locale":"en_US","og_type":"article","og_title":"Merci livre blanc | MBA Capital","og_description":"Merci ! Votre livre blanc est en cours de t\u00e9l\u00e9chargement. Vous pouvez revenir \u00e0 la page ou d\u00e9couvrir d\u2019autres contenus....","og_url":"https:\/\/mbacapital.com\/en\/landing\/merci-livre-blanc\/","og_site_name":"MBA Capital","article_modified_time":"2026-01-11T21:50:18+00:00","twitter_card":"summary_large_image","twitter_misc":{"Est. reading time":"1 minute"},"schema":{"@context":"https:\/\/schema.org","@graph":[{"@type":"WebPage","@id":"https:\/\/mbacapital.com\/landing\/merci-livre-blanc\/","url":"https:\/\/mbacapital.com\/landing\/merci-livre-blanc\/","name":"Merci livre blanc | MBA Capital","isPartOf":{"@id":"https:\/\/mbacapital.com\/en\/#website"},"datePublished":"2025-12-25T10:44:58+00:00","dateModified":"2026-01-11T21:50:18+00:00","breadcrumb":{"@id":"https:\/\/mbacapital.com\/landing\/merci-livre-blanc\/#breadcrumb"},"inLanguage":"en-US","potentialAction":[{"@type":"ReadAction","target":["https:\/\/mbacapital.com\/landing\/merci-livre-blanc\/"]}]},{"@type":"BreadcrumbList","@id":"https:\/\/mbacapital.com\/landing\/merci-livre-blanc\/#breadcrumb","itemListElement":[{"@type":"ListItem","position":1,"name":"Accueil","item":"https:\/\/mbacapital.com\/en\/"},{"@type":"ListItem","position":2,"name":"Landing","item":"https:\/\/mbacapital.com\/landing\/"},{"@type":"ListItem","position":3,"name":"Merci livre blanc"}]},{"@type":"WebSite","@id":"https:\/\/mbacapital.com\/en\/#website","url":"https:\/\/mbacapital.com\/en\/","name":"MBA Capital","description":"Le sp\u00e9cialiste du conseil en cession, fusion-acquisition aupr\u00e8s des PME et ETI depuis 1998","publisher":{"@id":"https:\/\/mbacapital.com\/en\/#organization"},"potentialAction":[{"@type":"SearchAction","target":{"@type":"EntryPoint","urlTemplate":"https:\/\/mbacapital.com\/en\/?s={search_term_string}"},"query-input":{"@type":"PropertyValueSpecification","valueRequired":true,"valueName":"search_term_string"}}],"inLanguage":"en-US"},{"@type":"Organization","@id":"https:\/\/mbacapital.com\/en\/#organization","name":"MBA Capital","url":"https:\/\/mbacapital.com\/en\/","logo":{"@type":"ImageObject","inLanguage":"en-US","@id":"https:\/\/mbacapital.com\/en\/#\/schema\/logo\/image\/","url":"https:\/\/mbacapital.com\/app\/uploads\/2021\/01\/cropped-favicon.png","contentUrl":"https:\/\/mbacapital.com\/app\/uploads\/2021\/01\/cropped-favicon.png","width":512,"height":512,"caption":"MBA Capital"},"image":{"@id":"https:\/\/mbacapital.com\/en\/#\/schema\/logo\/image\/"}}]}},"_links":{"self":[{"href":"https:\/\/mbacapital.com\/en\/wp-json\/wp\/v2\/pages\/10033","targetHints":{"allow":["GET"]}}],"collection":[{"href":"https:\/\/mbacapital.com\/en\/wp-json\/wp\/v2\/pages"}],"about":[{"href":"https:\/\/mbacapital.com\/en\/wp-json\/wp\/v2\/types\/page"}],"author":[{"embeddable":true,"href":"https:\/\/mbacapital.com\/en\/wp-json\/wp\/v2\/users\/11"}],"replies":[{"embeddable":true,"href":"https:\/\/mbacapital.com\/en\/wp-json\/wp\/v2\/comments?post=10033"}],"version-history":[{"count":79,"href":"https:\/\/mbacapital.com\/en\/wp-json\/wp\/v2\/pages\/10033\/revisions"}],"predecessor-version":[{"id":10436,"href":"https:\/\/mbacapital.com\/en\/wp-json\/wp\/v2\/pages\/10033\/revisions\/10436"}],"up":[{"embeddable":true,"href":"https:\/\/mbacapital.com\/en\/wp-json\/wp\/v2\/pages\/9790"}],"wp:attachment":[{"href":"https:\/\/mbacapital.com\/en\/wp-json\/wp\/v2\/media?parent=10033"}],"curies":[{"name":"wp","href":"https:\/\/api.w.org\/{rel}","templated":true}]}}