{"id":260,"date":"2020-12-18T16:18:51","date_gmt":"2020-12-18T15:18:51","guid":{"rendered":"http:\/\/localhost:8888\/MBA\/web\/?page_id=260"},"modified":"2022-11-26T18:07:41","modified_gmt":"2022-11-26T17:07:41","slug":"evaluation-entreprise","status":"publish","type":"page","link":"https:\/\/mbacapital.com\/en\/evaluation-entreprise\/","title":{"rendered":"Business valuation"},"content":{"rendered":"<div class=\"row py-4 py-md-6 align-items-center illustration\" id=\"illustration-block_5ffd8ff389ff7\">\n    <div class=\"col-12 col-md-5 order-md-2\">\n\n        \n        <!-- Image -->\n        <img decoding=\"async\" src=\"https:\/\/mbacapital.com\/app\/uploads\/2021\/01\/evaluations.png\"\n             alt=\"evaluations\" class=\"img-fluid mw-md-150 mw-lg-130 mb-6 mb-md-0\">\n\n    <\/div>\n    <div class=\"col-12 col-md-7 pb-4 order-md-1\">\n\n        <!-- Badge -->\n        <span class=\"badge badge-pill badge-primary-soft mb-3\">\n            <span class=\"h6 text-uppercase text-primary\">Business valuation<\/span>\n        <\/span>\n\n        <!-- Heading -->\n        <h2 class=\"font-weight-bold\">\n            A rigorous evaluation of your business to make reasoned decisions         <\/h2>\n\n        <!-- Text -->\n        <p class=\"text-gray-700\">\n            Knowing the value of your company is often necessary to carry out an important operation such as:        <\/p>\n\n                    <!-- List -->\n            <div class=\"row\">\n                <div class=\"col-12\">\n\n                                            <!-- Item -->\n                        <div class=\"d-flex\">\n\n                            <!-- Check -->\n                            <div class=\"badge badge-rounded-circle badge-primary-soft mt-1 mr-4\">\n                                <i class=\"fas fa-check\"><\/i>\n                            <\/div>\n\n                            <!-- Text -->\n                            <p>\n                                Reorganization of the shareholder base,                            <\/p>\n\n                        <\/div>\n\n                                            <!-- Item -->\n                        <div class=\"d-flex\">\n\n                            <!-- Check -->\n                            <div class=\"badge badge-rounded-circle badge-primary-soft mt-1 mr-4\">\n                                <i class=\"fas fa-check\"><\/i>\n                            <\/div>\n\n                            <!-- Text -->\n                            <p>\n                                The exit of a partner,                             <\/p>\n\n                        <\/div>\n\n                                            <!-- Item -->\n                        <div class=\"d-flex\">\n\n                            <!-- Check -->\n                            <div class=\"badge badge-rounded-circle badge-primary-soft mt-1 mr-4\">\n                                <i class=\"fas fa-check\"><\/i>\n                            <\/div>\n\n                            <!-- Text -->\n                            <p>\n                                Sell-side deal,                             <\/p>\n\n                        <\/div>\n\n                                            <!-- Item -->\n                        <div class=\"d-flex\">\n\n                            <!-- Check -->\n                            <div class=\"badge badge-rounded-circle badge-primary-soft mt-1 mr-4\">\n                                <i class=\"fas fa-check\"><\/i>\n                            <\/div>\n\n                            <!-- Text -->\n                            <p>\n                                Buy-side deal,                            <\/p>\n\n                        <\/div>\n\n                                            <!-- Item -->\n                        <div class=\"d-flex\">\n\n                            <!-- Check -->\n                            <div class=\"badge badge-rounded-circle badge-primary-soft mt-1 mr-4\">\n                                <i class=\"fas fa-check\"><\/i>\n                            <\/div>\n\n                            <!-- Text -->\n                            <p>\n                                The opening of the capital to an investor,                            <\/p>\n\n                        <\/div>\n\n                                            <!-- Item -->\n                        <div class=\"d-flex\">\n\n                            <!-- Check -->\n                            <div class=\"badge badge-rounded-circle badge-primary-soft mt-1 mr-4\">\n                                <i class=\"fas fa-check\"><\/i>\n                            <\/div>\n\n                            <!-- Text -->\n                            <p>\n                                The entry of collaborator(s),                             <\/p>\n\n                        <\/div>\n\n                                            <!-- Item -->\n                        <div class=\"d-flex\">\n\n                            <!-- Check -->\n                            <div class=\"badge badge-rounded-circle badge-primary-soft mt-1 mr-4\">\n                                <i class=\"fas fa-check\"><\/i>\n                            <\/div>\n\n                            <!-- Text -->\n                            <p>\n                                A donation, etc.                             <\/p>\n\n                        <\/div>\n\n                    \n                <\/div>\n            <\/div> <!-- \/ .row -->\n        \n\n    <\/div>\n<\/div> <!-- \/ .row -->\n\n\n\n<p>MBA Capital supports you in all these crucial moments for you, your partners and the company.<\/p>\n\n\n\n<h2 class=\"wp-block-heading\"><strong><strong>MBA Capital, hundreds of evaluations performed<\/strong>.<\/strong><\/h2>\n\n\n\n<p>MBA Capital's teams are called upon to perform daily valuations of companies during their missions of sale, transfer, acquisition, fund raising or financing.<\/p>\n\n\n\n<p class=\"translation-block\">However, a shareholder-manager may need to know the value of his or her company, without there necessarily being an assignment involved, such as<ins>,<\/ins> bringing an executive into the capital of his or her company, making a split gift between his or her children, or buying out the shares of a minority owner.<\/p>\n\n\n\n<p>MBA Capital performs this valuation and writes a complete report presenting the salient characteristics of the company, developing the different valuation methods used, the results obtained with a conclusion establishing a range of values.<\/p>\n\n\n\n<div style=\"height:40px\" aria-hidden=\"true\" class=\"wp-block-spacer\"><\/div>\n\n\n\n\n<div class=\"row py-4 py-md-6 align-items-center\">\n    <div class=\"col-12 col-md-7 col-lg-6 order-md-2\" data-aos=\"fade-left\">\n\n        <!-- Heading -->\n        <h3>\n            Valuing an unlisted company, a delicate but crucial operation         <\/h3>\n\n        <!-- Text -->\n        <p class=\"text-muted mb-6\">\n            Any good evaluation starts with a precise and complete analysis of the company to be evaluated.         <\/p>\n\n                                    <!-- List -->\n                <div class=\"d-flex\">\n\n                    <!-- Icon -->\n                    <div class=\"text-primary pt-1\">\n                        <i class=\"fa fa-lg fa-receipt\"><\/i>                    <\/div>\n\n                    <div class=\"ml-3\">\n\n                        <!-- Heading -->\n                        <h4 class=\"mb-1\">\n                            Economic and strategic diagnosis                         <\/h4>\n\n                        <!-- Text -->\n                        <p class=\"text-muted mb-6 translation-block\">\u2022 Assessment of the company's strategic positioning in its environment,\n<br>\n \u2022 Understanding of its business model and its evolution over time; \n<br>\n \u2022 Identification of the company's differentiating elements,\n<br>\n \u2022 Analysis of the strengths, weaknesses, threats and opportunities (SWOT) of the company on its markets; \n<br>\n \u2022 Taking into account the human factors: internal organization, quality of the teams, roles of the key men or women, without forgetting the intuitu personae of the main facilitator.<\/p>\n\n                    <\/div>\n\n                <\/div>\n                            <!-- List -->\n                <div class=\"d-flex\">\n\n                    <!-- Icon -->\n                    <div class=\"text-primary pt-1\">\n                        <i class=\"fa fa-lg fa-chart-line\"><\/i>                    <\/div>\n\n                    <div class=\"ml-3\">\n\n                        <!-- Heading -->\n                        <h4 class=\"mb-1\">\n                            Financial diagnosis                        <\/h4>\n\n                        <!-- Text -->\n                        <p class=\"text-muted mb-6 translation-block\">\u2022 Analysis of the company's historical performance and its evolution: sales, margins, results with sector comparison,\n<br>\n\u2022 Forecast of the landing of the current fiscal year,\n<br>\n\u2022 Understanding of the Business Plan, its basic assumptions, its construction, its consistency with the company's history and strategy,\n<br>\n\u2022 Assessment of the company's financial structure: working capital, working capital requirements, cash flow, debts and determination of the structural net debt and its probable evolution<\/p>\n\n                    <\/div>\n\n                <\/div>\n            \n        \n    <\/div>\n    <div class=\"col-12 col-md-5 col-lg-6 order-md-1 text-center\">\n\n        <div class=\"w-md-150 w-lg-130 float-right position-relative\" data-aos=\"fade-right\">\n            <!-- Image -->\n            <div class=\"\">\n\n                \n                <!-- Image -->\n                <img decoding=\"async\" src=\"https:\/\/mbacapital.com\/app\/uploads\/2021\/02\/calculator.png\" class=\"img-fluid\" alt=\"calculator\">\n\n            <\/div>\n\n        <\/div>\n\n    <\/div>\n<\/div>\n\n\n\n\n<blockquote class=\"wp-block-quote is-layout-flow wp-block-quote-is-layout-flow\"><p>I appreciated the human contact with Vincent JUGUET from MBA Capital Paris, who was personalized and involved, and who tried to understand my objectives and invested 150% of his time in the project because he believed in it so much. He was able to broaden the scope of my thinking by suggesting that I submit the project to industrialists, and not only to investment funds.&nbsp;<\/p><cite><br><strong>Alexandre SABET d\u2019ACRE, CEO of DENTMASTER<\/strong><\/cite><\/blockquote>\n\n\n\n<h2 class=\"wp-block-heading\"><strong><strong><strong>Realistic methods, springboards for future negotiations<\/strong>.<\/strong><\/strong><\/h2>\n\n\n\n<p>The evaluator does not return a single amount but a range of values through the controlled use of different valuation methods<ins>,<\/ins> these must integrate the strategic analysis and the financial diagnosis carried out beforehand.<\/p>\n\n\n\n\n<div class=\"row py-4 py-md-6 align-items-center\">\n    <div class=\"col-12 col-md-7 col-lg-6 order-md-2\" data-aos=\"fade-left\">\n\n        <!-- Heading -->\n        <h3>\n            MBA Capital relies on recognized methods :        <\/h3>\n\n        <!-- Text -->\n        <p class=\"text-muted mb-6 translation-block\">\u2022 Market comparables method, <br>\n\u2022 Transaction comparables method, <br>\n\u2022 Discounted cash flow method, <br>\n\u2022 Net asset value method, <br>\n\u2022 Sector methods, <br>\n\u2022 Goodwill income approach, <br>\n\u2022 Regression line, <br>\n\u2022 Distributive capacities, <br>\n\u2022 Value creation...<\/p>\n\n        \n    <\/div>\n    <div class=\"col-12 col-md-5 col-lg-6 order-md-1 text-center\">\n\n        <div class=\"w-md-150 w-lg-130 float-right position-relative\" data-aos=\"fade-right\">\n            <!-- Image -->\n            <div class=\"\">\n\n                \n                <!-- Image -->\n                <img decoding=\"async\" src=\"https:\/\/mbacapital.com\/app\/uploads\/2021\/02\/preferences.png\" class=\"img-fluid\" alt=\"preferences-evaluation-entreprise-mba\">\n\n            <\/div>\n\n        <\/div>\n\n    <\/div>\n<\/div>\n\n\n\n\n<div style=\"height:40px\" aria-hidden=\"true\" class=\"wp-block-spacer\"><\/div>\n\n\n\n\n<div class=\"row py-4 py-md-6 align-items-center\">\n    <div class=\"col-12 col-md-7 col-lg-6\" data-aos=\"fade-right\">\n\n        <!-- Heading -->\n        <h3>\n            MBA Capital, your trusted partner for the evaluation of your company.         <\/h3>\n\n        <!-- Text -->\n        <p class=\"text-muted mb-6\">\n            Thanks to its daily practice of the markets and their evolution, MBA Capital is able to provide you with a sincere and objective evaluation of your company according to the operation you are considering and to deliver what the Anglo-Saxons call a \"fairness opinion\".        <\/p>\n\n        \n    <\/div>\n    <div class=\"col-12 col-md-5 col-lg-6 text-center\">\n\n        <div class=\"w-md-150 w-lg-130 position-relative\" data-aos=\"fade-left\">\n            <!-- Image -->\n            <div class=\"\">\n\n                \n                <!-- Image -->\n                <img decoding=\"async\" src=\"https:\/\/mbacapital.com\/app\/uploads\/2022\/10\/equipe-mba-capital-france-1024x576.jpg\" class=\"img-fluid\" alt=\"equipe-mba-capital-france\">\n\n            <\/div>\n\n        <\/div>\n\n    <\/div>\n<\/div>\n\n\n\n\n<h2 class=\"wp-block-heading\"><strong>The credibility and experience of MBA Capital's specialists in business valuation<\/strong><\/h2>\n\n\n\n<p>The posture and experience of MBA Capital's experts guarantee a professional and rigorous approach throughout the process of valuing a company.<\/p>\n\n\n\n<p>With its dense territorial network and its activity flow sustained by the operations carried out throughout the year, MBA Capital is able to provide you with a serious and credible company evaluation that will be recognized and even sought after by your contacts.<\/p>\n\n\n\n<div style=\"height:40px\" aria-hidden=\"true\" class=\"wp-block-spacer\"><\/div>\n\n\n\n<div class=\"card card-border border-primary shadow-light-lg accordion my-4 my-md-8\" id=\"bloc-faq-69dcf1685aede\">\n    <div class=\"list-group\">\n        <div class=\"list-group-item\">\n\n            <!-- Header -->\n            <div class=\"d-flex align-items-center\">\n                <div class=\"mr-auto\">\n\n                    <!-- Heading -->\n                    <h4 class=\"font-weight-bold mb-0\">\n                        Q&amp;A Business valuation                    <\/h4>\n\n                    <!-- Text -->\n                    <p class=\"font-size-sm text-muted mb-0\">\n                                            <\/p>\n\n                <\/div>\n\n            <\/div>\n\n        <\/div>\n                    <div class=\"list-group-item\">\n\n                <!-- Toggle -->\n                <a class=\"d-flex align-items-center text-reset text-decoration-none collapsed\"\n                   data-toggle=\"collapse\" href=\"#faq-69dcf1685bfd5\" role=\"button\" aria-expanded=\"false\"\n                   aria-controls=\"faq-69dcf1685bfd5\">\n\n                    <!-- Title -->\n                    <span class=\"mr-4\">\n                        How to financially evaluate a company or how to evaluate the value of your company?                    <\/span>\n\n                    <!-- Metadata -->\n                    <div class=\"text-muted ml-auto\">\n\n                        <!-- Chevron -->\n                        <span class=\"collapse-chevron text-muted\">\n                            <i class=\"fa fa fa-chevron-down\"><\/i>\n                        <\/span>\n\n                    <\/div>\n\n                <\/a>\n\n                <!-- Collapse -->\n                <div class=\"collapse\" id=\"faq-69dcf1685bfd5\" data-parent=\"#bloc-faq-69dcf1685aede\" style=\"\">\n                    <div class=\"pt-5\">\n\n                        <!-- Text -->\n                        <p class=\"text-gray-700\">\n                            To evaluate the value of a company, MBA Capital uses 3 steps: The valuation by the corrected net assets, i.e. the patrimonial valuation of the company, the valuation according to the profitability of the company and the valuation by the projected cash flows which is a valuation according to the future prospects of the company.                        <\/p>\n                    <\/div>\n                <\/div>\n\n            <\/div>\n            <\/div>\n<\/div>","protected":false},"excerpt":{"rendered":"<p>MBA Capital vous accompagne dans tous ces moments cruciaux pour vous, vos associ\u00e9s et l\u2019entreprise. MBA Capital, des centaines d\u2019\u00e9valuations&#8230;<\/p>","protected":false},"author":2,"featured_media":0,"parent":0,"menu_order":0,"comment_status":"closed","ping_status":"closed","template":"page-without-realisations.php","meta":{"_acf_changed":false,"footnotes":""},"class_list":["post-260","page","type-page","status-publish","hentry"],"acf":[],"yoast_head":"<!-- This site is optimized with the Yoast SEO plugin v27.3 - https:\/\/yoast.com\/product\/yoast-seo-wordpress\/ -->\n<title>\u00c9valuation d&#039;Entreprise | MBA Capital<\/title>\n<meta name=\"description\" content=\"MBA Capital propose une \u00e9valuation rigoureuse de votre entreprise pour des d\u00e9cisions raisonn\u00e9es.\" \/>\n<meta name=\"robots\" content=\"index, follow, max-snippet:-1, max-image-preview:large, max-video-preview:-1\" \/>\n<link rel=\"canonical\" href=\"https:\/\/mbacapital.com\/en\/evaluation-entreprise\/\" \/>\n<meta property=\"og:locale\" content=\"en_US\" \/>\n<meta property=\"og:type\" content=\"article\" \/>\n<meta property=\"og:title\" content=\"\u00c9valuation d&#039;Entreprise | MBA Capital\" \/>\n<meta property=\"og:description\" content=\"MBA Capital propose une \u00e9valuation rigoureuse de votre entreprise pour des d\u00e9cisions raisonn\u00e9es.\" \/>\n<meta property=\"og:url\" content=\"https:\/\/mbacapital.com\/en\/evaluation-entreprise\/\" \/>\n<meta property=\"og:site_name\" content=\"MBA Capital\" \/>\n<meta property=\"article:modified_time\" content=\"2022-11-26T17:07:41+00:00\" \/>\n<meta name=\"twitter:card\" content=\"summary_large_image\" \/>\n<meta name=\"twitter:label1\" content=\"Est. reading time\" \/>\n\t<meta name=\"twitter:data1\" content=\"2 minutes\" \/>\n<script type=\"application\/ld+json\" class=\"yoast-schema-graph\">{\"@context\":\"https:\\\/\\\/schema.org\",\"@graph\":[{\"@type\":\"WebPage\",\"@id\":\"https:\\\/\\\/mbacapital.com\\\/evaluation-entreprise\\\/\",\"url\":\"https:\\\/\\\/mbacapital.com\\\/evaluation-entreprise\\\/\",\"name\":\"\u00c9valuation d'Entreprise | MBA Capital\",\"isPartOf\":{\"@id\":\"https:\\\/\\\/mbacapital.com\\\/en\\\/#website\"},\"datePublished\":\"2020-12-18T15:18:51+00:00\",\"dateModified\":\"2022-11-26T17:07:41+00:00\",\"description\":\"MBA Capital propose une \u00e9valuation rigoureuse de votre entreprise pour des d\u00e9cisions raisonn\u00e9es.\",\"breadcrumb\":{\"@id\":\"https:\\\/\\\/mbacapital.com\\\/evaluation-entreprise\\\/#breadcrumb\"},\"inLanguage\":\"en-US\",\"potentialAction\":[{\"@type\":\"ReadAction\",\"target\":[\"https:\\\/\\\/mbacapital.com\\\/evaluation-entreprise\\\/\"]}]},{\"@type\":\"BreadcrumbList\",\"@id\":\"https:\\\/\\\/mbacapital.com\\\/evaluation-entreprise\\\/#breadcrumb\",\"itemListElement\":[{\"@type\":\"ListItem\",\"position\":1,\"name\":\"Accueil\",\"item\":\"https:\\\/\\\/mbacapital.com\\\/en\\\/\"},{\"@type\":\"ListItem\",\"position\":2,\"name\":\"\u00c9valuation d&rsquo;Entreprise\"}]},{\"@type\":\"WebSite\",\"@id\":\"https:\\\/\\\/mbacapital.com\\\/en\\\/#website\",\"url\":\"https:\\\/\\\/mbacapital.com\\\/en\\\/\",\"name\":\"MBA Capital\",\"description\":\"Le sp\u00e9cialiste du conseil en cession, fusion-acquisition aupr\u00e8s des PME et ETI depuis 1998\",\"publisher\":{\"@id\":\"https:\\\/\\\/mbacapital.com\\\/en\\\/#organization\"},\"potentialAction\":[{\"@type\":\"SearchAction\",\"target\":{\"@type\":\"EntryPoint\",\"urlTemplate\":\"https:\\\/\\\/mbacapital.com\\\/en\\\/?s={search_term_string}\"},\"query-input\":{\"@type\":\"PropertyValueSpecification\",\"valueRequired\":true,\"valueName\":\"search_term_string\"}}],\"inLanguage\":\"en-US\"},{\"@type\":\"Organization\",\"@id\":\"https:\\\/\\\/mbacapital.com\\\/en\\\/#organization\",\"name\":\"MBA Capital\",\"url\":\"https:\\\/\\\/mbacapital.com\\\/en\\\/\",\"logo\":{\"@type\":\"ImageObject\",\"inLanguage\":\"en-US\",\"@id\":\"https:\\\/\\\/mbacapital.com\\\/en\\\/#\\\/schema\\\/logo\\\/image\\\/\",\"url\":\"https:\\\/\\\/mbacapital.com\\\/app\\\/uploads\\\/2021\\\/01\\\/cropped-favicon.png\",\"contentUrl\":\"https:\\\/\\\/mbacapital.com\\\/app\\\/uploads\\\/2021\\\/01\\\/cropped-favicon.png\",\"width\":512,\"height\":512,\"caption\":\"MBA Capital\"},\"image\":{\"@id\":\"https:\\\/\\\/mbacapital.com\\\/en\\\/#\\\/schema\\\/logo\\\/image\\\/\"}}]}<\/script>\n<!-- \/ Yoast SEO plugin. -->","yoast_head_json":{"title":"\u00c9valuation d'Entreprise | MBA Capital","description":"MBA Capital propose une \u00e9valuation rigoureuse de votre entreprise pour des d\u00e9cisions raisonn\u00e9es.","robots":{"index":"index","follow":"follow","max-snippet":"max-snippet:-1","max-image-preview":"max-image-preview:large","max-video-preview":"max-video-preview:-1"},"canonical":"https:\/\/mbacapital.com\/en\/evaluation-entreprise\/","og_locale":"en_US","og_type":"article","og_title":"\u00c9valuation d'Entreprise | MBA Capital","og_description":"MBA Capital propose une \u00e9valuation rigoureuse de votre entreprise pour des d\u00e9cisions raisonn\u00e9es.","og_url":"https:\/\/mbacapital.com\/en\/evaluation-entreprise\/","og_site_name":"MBA Capital","article_modified_time":"2022-11-26T17:07:41+00:00","twitter_card":"summary_large_image","twitter_misc":{"Est. reading time":"2 minutes"},"schema":{"@context":"https:\/\/schema.org","@graph":[{"@type":"WebPage","@id":"https:\/\/mbacapital.com\/evaluation-entreprise\/","url":"https:\/\/mbacapital.com\/evaluation-entreprise\/","name":"\u00c9valuation d'Entreprise | MBA Capital","isPartOf":{"@id":"https:\/\/mbacapital.com\/en\/#website"},"datePublished":"2020-12-18T15:18:51+00:00","dateModified":"2022-11-26T17:07:41+00:00","description":"MBA Capital propose une \u00e9valuation rigoureuse de votre entreprise pour des d\u00e9cisions raisonn\u00e9es.","breadcrumb":{"@id":"https:\/\/mbacapital.com\/evaluation-entreprise\/#breadcrumb"},"inLanguage":"en-US","potentialAction":[{"@type":"ReadAction","target":["https:\/\/mbacapital.com\/evaluation-entreprise\/"]}]},{"@type":"BreadcrumbList","@id":"https:\/\/mbacapital.com\/evaluation-entreprise\/#breadcrumb","itemListElement":[{"@type":"ListItem","position":1,"name":"Accueil","item":"https:\/\/mbacapital.com\/en\/"},{"@type":"ListItem","position":2,"name":"\u00c9valuation d&rsquo;Entreprise"}]},{"@type":"WebSite","@id":"https:\/\/mbacapital.com\/en\/#website","url":"https:\/\/mbacapital.com\/en\/","name":"MBA Capital","description":"Le sp\u00e9cialiste du conseil en cession, fusion-acquisition aupr\u00e8s des PME et ETI depuis 1998","publisher":{"@id":"https:\/\/mbacapital.com\/en\/#organization"},"potentialAction":[{"@type":"SearchAction","target":{"@type":"EntryPoint","urlTemplate":"https:\/\/mbacapital.com\/en\/?s={search_term_string}"},"query-input":{"@type":"PropertyValueSpecification","valueRequired":true,"valueName":"search_term_string"}}],"inLanguage":"en-US"},{"@type":"Organization","@id":"https:\/\/mbacapital.com\/en\/#organization","name":"MBA Capital","url":"https:\/\/mbacapital.com\/en\/","logo":{"@type":"ImageObject","inLanguage":"en-US","@id":"https:\/\/mbacapital.com\/en\/#\/schema\/logo\/image\/","url":"https:\/\/mbacapital.com\/app\/uploads\/2021\/01\/cropped-favicon.png","contentUrl":"https:\/\/mbacapital.com\/app\/uploads\/2021\/01\/cropped-favicon.png","width":512,"height":512,"caption":"MBA Capital"},"image":{"@id":"https:\/\/mbacapital.com\/en\/#\/schema\/logo\/image\/"}}]}},"_links":{"self":[{"href":"https:\/\/mbacapital.com\/en\/wp-json\/wp\/v2\/pages\/260","targetHints":{"allow":["GET"]}}],"collection":[{"href":"https:\/\/mbacapital.com\/en\/wp-json\/wp\/v2\/pages"}],"about":[{"href":"https:\/\/mbacapital.com\/en\/wp-json\/wp\/v2\/types\/page"}],"author":[{"embeddable":true,"href":"https:\/\/mbacapital.com\/en\/wp-json\/wp\/v2\/users\/2"}],"replies":[{"embeddable":true,"href":"https:\/\/mbacapital.com\/en\/wp-json\/wp\/v2\/comments?post=260"}],"version-history":[{"count":102,"href":"https:\/\/mbacapital.com\/en\/wp-json\/wp\/v2\/pages\/260\/revisions"}],"predecessor-version":[{"id":8345,"href":"https:\/\/mbacapital.com\/en\/wp-json\/wp\/v2\/pages\/260\/revisions\/8345"}],"wp:attachment":[{"href":"https:\/\/mbacapital.com\/en\/wp-json\/wp\/v2\/media?parent=260"}],"curies":[{"name":"wp","href":"https:\/\/api.w.org\/{rel}","templated":true}]}}