{"id":5310,"date":"2021-01-20T11:35:30","date_gmt":"2021-01-20T10:35:30","guid":{"rendered":"https:\/\/mbacapital.prod.mink-agency.com\/?page_id=5310"},"modified":"2022-02-16T17:17:49","modified_gmt":"2022-02-16T16:17:49","slug":"desinvestissement-spin-off-scission","status":"publish","type":"page","link":"https:\/\/mbacapital.com\/en\/cession\/desinvestissement-spin-off-scission\/","title":{"rendered":"Divestment - Spin-off - Spin-off\u201d"},"content":{"rendered":"<h2 class=\"wp-block-heading\">Comment r\u00e9ussir ces situations sp\u00e9ciales&nbsp;?<\/h2>\n\n\n\n<p>A des degr\u00e9s divers le d\u00e9sinvestissement de filiale ainsi que le spin off ou la scission de branche d\u2019activit\u00e9 ajoutent au projet de cession des \u00e9l\u00e9ments de complexit\u00e9.<\/p>\n\n\n\n<p><strong>MBA Capital a une expertise av\u00e9r\u00e9e sur ces op\u00e9rations sp\u00e9cifiques dans lesquelles la phase de pr\u00e9paration amont est cruciale.<\/strong><\/p>\n\n\n\n<p>MBA Capital recommande de commencer \u00e0 pr\u00e9parer un d\u00e9sinvestissement de filiale, un spin off ou une scission de branche d\u2019activit\u00e9 <strong>au moins 2 ans \u00e0 l\u2019avance, id\u00e9alement 3 ans<\/strong>. En effet, comme dans la plupart des cessions envisag\u00e9es, les sujets juridiques, fiscaux, financiers, tout comme l\u2019optimisation du mod\u00e8le \u00e9conomique ou l\u2019organisation, demandent de l\u2019anticipation pour \u00eatre d\u00e9cid\u00e9s, mis en \u0153uvre et qu\u2019ils se refl\u00e8tent dans l\u2019activit\u00e9 et les chiffres. A ces points se rajoutent les aspects de d\u00e9tourage, tant op\u00e9rationnels que de substance apport\u00e9e \u00e0 une nouvelle entit\u00e9 juridique.<\/p>\n\n\n\n<p>MBA Capital assiste son client tout au long de cette phase de pr\u00e9paration.<\/p>\n\n\n\n<p><strong>Lors de cette phase, l\u2019\u00e9valuation notamment dans les cas de spin off ou scission de branche d\u2019activit\u00e9 requiert une expertise particuli\u00e8re que ma\u00eetrise MBA Capital.<\/strong><\/p>\n\n\n\n<p>Une fois la phase de pr\u00e9paration r\u00e9alis\u00e9e, le processus de cession reprend les \u00e9tapes usuelles avec toutefois les m\u00eames \u00e9l\u00e9ments de complexit\u00e9 \u00e0 chaque \u00e9tape qui n\u00e9cessitent une attention sp\u00e9cifique.<\/p>\n\n\n\n<ul class=\"wp-block-list\"><li>D\u00e9sinvestissement, spin off et scission font partie des situations complexes<\/li><li>Notre expertise av\u00e9r\u00e9e de ces contextes<\/li><li>Notre pr\u00e9conisation forte&nbsp;: une telle cession se pr\u00e9pare 2 \u00e0 3 ans \u00e0 l\u2019avance, notamment sur les sujets de d\u00e9tourage<\/li><li>Notre expertise particuli\u00e8re de l\u2019\u00e9valuation dans ces situations complexes<\/li><\/ul>","protected":false},"excerpt":{"rendered":"<p>Comment r\u00e9ussir ces situations sp\u00e9ciales&nbsp;? A des degr\u00e9s divers le d\u00e9sinvestissement de filiale ainsi que le spin off ou la&#8230;<\/p>","protected":false},"author":2,"featured_media":0,"parent":18,"menu_order":0,"comment_status":"closed","ping_status":"closed","template":"page-without-realisations.php","meta":{"_acf_changed":false,"footnotes":""},"class_list":["post-5310","page","type-page","status-publish","hentry"],"acf":[],"yoast_head":"<!-- This site is optimized with the Yoast SEO plugin v27.3 - https:\/\/yoast.com\/product\/yoast-seo-wordpress\/ -->\n<title>D\u00e9sinvestissement \u2013 Spin-off \u2013 Scission | MBA Capital<\/title>\n<meta name=\"description\" content=\"Le d\u00e9sinvestissement de filiale ainsi que le spin off ou la scission de branche d\u2019activit\u00e9 ajoutent au projet de cession des \u00e9l\u00e9ments de complexit\u00e9.\" \/>\n<meta name=\"robots\" content=\"index, follow, max-snippet:-1, max-image-preview:large, max-video-preview:-1\" \/>\n<link rel=\"canonical\" href=\"https:\/\/mbacapital.com\/en\/cession\/desinvestissement-spin-off-scission\/\" \/>\n<meta property=\"og:locale\" content=\"en_US\" \/>\n<meta property=\"og:type\" content=\"article\" \/>\n<meta property=\"og:title\" content=\"D\u00e9sinvestissement \u2013 Spin-off \u2013 Scission | MBA Capital\" \/>\n<meta property=\"og:description\" content=\"Le d\u00e9sinvestissement de filiale ainsi que le spin off ou la scission de branche d\u2019activit\u00e9 ajoutent au projet de cession des \u00e9l\u00e9ments de complexit\u00e9.\" \/>\n<meta property=\"og:url\" content=\"https:\/\/mbacapital.com\/en\/cession\/desinvestissement-spin-off-scission\/\" \/>\n<meta property=\"og:site_name\" content=\"MBA Capital\" \/>\n<meta property=\"article:modified_time\" content=\"2022-02-16T16:17:49+00:00\" \/>\n<meta name=\"twitter:card\" content=\"summary_large_image\" \/>\n<meta name=\"twitter:label1\" content=\"Est. reading time\" \/>\n\t<meta name=\"twitter:data1\" content=\"2 minutes\" \/>\n<script type=\"application\/ld+json\" class=\"yoast-schema-graph\">{\"@context\":\"https:\\\/\\\/schema.org\",\"@graph\":[{\"@type\":\"WebPage\",\"@id\":\"https:\\\/\\\/mbacapital.com\\\/cession\\\/desinvestissement-spin-off-scission\\\/\",\"url\":\"https:\\\/\\\/mbacapital.com\\\/cession\\\/desinvestissement-spin-off-scission\\\/\",\"name\":\"D\u00e9sinvestissement \u2013 Spin-off \u2013 Scission | MBA Capital\",\"isPartOf\":{\"@id\":\"https:\\\/\\\/mbacapital.com\\\/en\\\/#website\"},\"datePublished\":\"2021-01-20T10:35:30+00:00\",\"dateModified\":\"2022-02-16T16:17:49+00:00\",\"description\":\"Le d\u00e9sinvestissement de filiale ainsi que le spin off ou la scission de branche d\u2019activit\u00e9 ajoutent au projet de cession des \u00e9l\u00e9ments de complexit\u00e9.\",\"breadcrumb\":{\"@id\":\"https:\\\/\\\/mbacapital.com\\\/cession\\\/desinvestissement-spin-off-scission\\\/#breadcrumb\"},\"inLanguage\":\"en-US\",\"potentialAction\":[{\"@type\":\"ReadAction\",\"target\":[\"https:\\\/\\\/mbacapital.com\\\/cession\\\/desinvestissement-spin-off-scission\\\/\"]}]},{\"@type\":\"BreadcrumbList\",\"@id\":\"https:\\\/\\\/mbacapital.com\\\/cession\\\/desinvestissement-spin-off-scission\\\/#breadcrumb\",\"itemListElement\":[{\"@type\":\"ListItem\",\"position\":1,\"name\":\"Accueil\",\"item\":\"https:\\\/\\\/mbacapital.com\\\/en\\\/\"},{\"@type\":\"ListItem\",\"position\":2,\"name\":\"Cession d&rsquo;Entreprise\",\"item\":\"https:\\\/\\\/mbacapital.com\\\/cession\\\/\"},{\"@type\":\"ListItem\",\"position\":3,\"name\":\"D\u00e9sinvestissement \u2013 Spin-off \u2013 Scission\"}]},{\"@type\":\"WebSite\",\"@id\":\"https:\\\/\\\/mbacapital.com\\\/en\\\/#website\",\"url\":\"https:\\\/\\\/mbacapital.com\\\/en\\\/\",\"name\":\"MBA Capital\",\"description\":\"Le sp\u00e9cialiste du conseil en cession, fusion-acquisition aupr\u00e8s des PME et ETI depuis 1998\",\"publisher\":{\"@id\":\"https:\\\/\\\/mbacapital.com\\\/en\\\/#organization\"},\"potentialAction\":[{\"@type\":\"SearchAction\",\"target\":{\"@type\":\"EntryPoint\",\"urlTemplate\":\"https:\\\/\\\/mbacapital.com\\\/en\\\/?s={search_term_string}\"},\"query-input\":{\"@type\":\"PropertyValueSpecification\",\"valueRequired\":true,\"valueName\":\"search_term_string\"}}],\"inLanguage\":\"en-US\"},{\"@type\":\"Organization\",\"@id\":\"https:\\\/\\\/mbacapital.com\\\/en\\\/#organization\",\"name\":\"MBA Capital\",\"url\":\"https:\\\/\\\/mbacapital.com\\\/en\\\/\",\"logo\":{\"@type\":\"ImageObject\",\"inLanguage\":\"en-US\",\"@id\":\"https:\\\/\\\/mbacapital.com\\\/en\\\/#\\\/schema\\\/logo\\\/image\\\/\",\"url\":\"https:\\\/\\\/mbacapital.com\\\/app\\\/uploads\\\/2021\\\/01\\\/cropped-favicon.png\",\"contentUrl\":\"https:\\\/\\\/mbacapital.com\\\/app\\\/uploads\\\/2021\\\/01\\\/cropped-favicon.png\",\"width\":512,\"height\":512,\"caption\":\"MBA Capital\"},\"image\":{\"@id\":\"https:\\\/\\\/mbacapital.com\\\/en\\\/#\\\/schema\\\/logo\\\/image\\\/\"}}]}<\/script>\n<!-- \/ Yoast SEO plugin. -->","yoast_head_json":{"title":"D\u00e9sinvestissement \u2013 Spin-off \u2013 Scission | MBA Capital","description":"Le d\u00e9sinvestissement de filiale ainsi que le spin off ou la scission de branche d\u2019activit\u00e9 ajoutent au projet de cession des \u00e9l\u00e9ments de complexit\u00e9.","robots":{"index":"index","follow":"follow","max-snippet":"max-snippet:-1","max-image-preview":"max-image-preview:large","max-video-preview":"max-video-preview:-1"},"canonical":"https:\/\/mbacapital.com\/en\/cession\/desinvestissement-spin-off-scission\/","og_locale":"en_US","og_type":"article","og_title":"D\u00e9sinvestissement \u2013 Spin-off \u2013 Scission | MBA Capital","og_description":"Le d\u00e9sinvestissement de filiale ainsi que le spin off ou la scission de branche d\u2019activit\u00e9 ajoutent au projet de cession des \u00e9l\u00e9ments de complexit\u00e9.","og_url":"https:\/\/mbacapital.com\/en\/cession\/desinvestissement-spin-off-scission\/","og_site_name":"MBA Capital","article_modified_time":"2022-02-16T16:17:49+00:00","twitter_card":"summary_large_image","twitter_misc":{"Est. reading time":"2 minutes"},"schema":{"@context":"https:\/\/schema.org","@graph":[{"@type":"WebPage","@id":"https:\/\/mbacapital.com\/cession\/desinvestissement-spin-off-scission\/","url":"https:\/\/mbacapital.com\/cession\/desinvestissement-spin-off-scission\/","name":"D\u00e9sinvestissement \u2013 Spin-off \u2013 Scission | MBA Capital","isPartOf":{"@id":"https:\/\/mbacapital.com\/en\/#website"},"datePublished":"2021-01-20T10:35:30+00:00","dateModified":"2022-02-16T16:17:49+00:00","description":"Le d\u00e9sinvestissement de filiale ainsi que le spin off ou la scission de branche d\u2019activit\u00e9 ajoutent au projet de cession des \u00e9l\u00e9ments de complexit\u00e9.","breadcrumb":{"@id":"https:\/\/mbacapital.com\/cession\/desinvestissement-spin-off-scission\/#breadcrumb"},"inLanguage":"en-US","potentialAction":[{"@type":"ReadAction","target":["https:\/\/mbacapital.com\/cession\/desinvestissement-spin-off-scission\/"]}]},{"@type":"BreadcrumbList","@id":"https:\/\/mbacapital.com\/cession\/desinvestissement-spin-off-scission\/#breadcrumb","itemListElement":[{"@type":"ListItem","position":1,"name":"Accueil","item":"https:\/\/mbacapital.com\/en\/"},{"@type":"ListItem","position":2,"name":"Cession d&rsquo;Entreprise","item":"https:\/\/mbacapital.com\/cession\/"},{"@type":"ListItem","position":3,"name":"D\u00e9sinvestissement \u2013 Spin-off \u2013 Scission"}]},{"@type":"WebSite","@id":"https:\/\/mbacapital.com\/en\/#website","url":"https:\/\/mbacapital.com\/en\/","name":"MBA Capital","description":"Le sp\u00e9cialiste du conseil en cession, fusion-acquisition aupr\u00e8s des PME et ETI depuis 1998","publisher":{"@id":"https:\/\/mbacapital.com\/en\/#organization"},"potentialAction":[{"@type":"SearchAction","target":{"@type":"EntryPoint","urlTemplate":"https:\/\/mbacapital.com\/en\/?s={search_term_string}"},"query-input":{"@type":"PropertyValueSpecification","valueRequired":true,"valueName":"search_term_string"}}],"inLanguage":"en-US"},{"@type":"Organization","@id":"https:\/\/mbacapital.com\/en\/#organization","name":"MBA Capital","url":"https:\/\/mbacapital.com\/en\/","logo":{"@type":"ImageObject","inLanguage":"en-US","@id":"https:\/\/mbacapital.com\/en\/#\/schema\/logo\/image\/","url":"https:\/\/mbacapital.com\/app\/uploads\/2021\/01\/cropped-favicon.png","contentUrl":"https:\/\/mbacapital.com\/app\/uploads\/2021\/01\/cropped-favicon.png","width":512,"height":512,"caption":"MBA Capital"},"image":{"@id":"https:\/\/mbacapital.com\/en\/#\/schema\/logo\/image\/"}}]}},"_links":{"self":[{"href":"https:\/\/mbacapital.com\/en\/wp-json\/wp\/v2\/pages\/5310","targetHints":{"allow":["GET"]}}],"collection":[{"href":"https:\/\/mbacapital.com\/en\/wp-json\/wp\/v2\/pages"}],"about":[{"href":"https:\/\/mbacapital.com\/en\/wp-json\/wp\/v2\/types\/page"}],"author":[{"embeddable":true,"href":"https:\/\/mbacapital.com\/en\/wp-json\/wp\/v2\/users\/2"}],"replies":[{"embeddable":true,"href":"https:\/\/mbacapital.com\/en\/wp-json\/wp\/v2\/comments?post=5310"}],"version-history":[{"count":1,"href":"https:\/\/mbacapital.com\/en\/wp-json\/wp\/v2\/pages\/5310\/revisions"}],"predecessor-version":[{"id":5311,"href":"https:\/\/mbacapital.com\/en\/wp-json\/wp\/v2\/pages\/5310\/revisions\/5311"}],"up":[{"embeddable":true,"href":"https:\/\/mbacapital.com\/en\/wp-json\/wp\/v2\/pages\/18"}],"wp:attachment":[{"href":"https:\/\/mbacapital.com\/en\/wp-json\/wp\/v2\/media?parent=5310"}],"curies":[{"name":"wp","href":"https:\/\/api.w.org\/{rel}","templated":true}]}}