{"id":5488,"date":"2021-02-11T11:06:23","date_gmt":"2021-02-11T10:06:23","guid":{"rendered":"https:\/\/mbacapital.prod.mink-agency.com\/?page_id=5488"},"modified":"2022-02-16T16:02:17","modified_gmt":"2022-02-16T15:02:17","slug":"comment-optimiser-ses-financements-bancaires","status":"publish","type":"page","link":"https:\/\/mbacapital.com\/en\/ingenierie-financiere\/comment-optimiser-ses-financements-bancaires\/","title":{"rendered":"How to optimize your bank financing?"},"content":{"rendered":"<p><strong>Sp\u00e9cialiste des montages de financements structur\u00e9s, MBA Capital aide les entreprises, PME et ETI, \u00e0 int\u00e9grer l\u2019emprunt bancaire ainsi que ses solutions alternatives \u00e0 leur processus d\u2019ing\u00e9nierie financi\u00e8re<\/strong>.<br>Ses experts vous permettent&nbsp;:<\/p>\n\n\n\n<ul class=\"wp-block-list\"><li>d\u2019optimiser votre <strong>effet de levier&nbsp;<\/strong>;<\/li><li>de tirer le meilleur parti du <strong>march\u00e9 financier&nbsp;<\/strong>;<\/li><li>de monter votre <strong>plan de financement<\/strong>.<\/li><\/ul>\n\n\n\n<h2 class=\"wp-block-heading\"><strong>Emprunt bancaire et strat\u00e9gie financi\u00e8re<\/strong><\/h2>\n\n\n\n<p>L\u2019emprunt bancaire ne se limite pas aux cr\u00e9dits pour investissements productifs (nouvelle machine) ou au financement du besoin en fonds de roulement.<br>Selon la strat\u00e9gie et les objectifs de chaque entreprise, <strong>MBA Capital \u00e9largit la r\u00e9flexion<\/strong>, conseillant son client sur les options et scenarios possibles.<\/p>\n\n\n\n<h2 class=\"wp-block-heading\"><strong>Un conseil bien au-del\u00e0 du cr\u00e9dit bancaire<\/strong><\/h2>\n\n\n\n<p>MBA Capital effectue r\u00e9guli\u00e8rement des montages de financements structur\u00e9s, dans le cadre de missions de haut de bilan ou ind\u00e9pendamment de celles-ci.<\/p>\n\n\n\n<p><em><strong>&nbsp;Les solutions compl\u00e9mentaires<\/strong><\/em><\/p>\n\n\n\n<p>Fort de 20 ans d\u2019activit\u00e9 sp\u00e9cialis\u00e9e,&nbsp;MBA Capital peut proposer des solutions compl\u00e9mentaires au financement bancaire. Elles peuvent int\u00e9grer&nbsp;:<br>\u2013&nbsp;les quasi-fonds propres&nbsp;(exemple&nbsp;: obligations convertibles)&nbsp;;<br>\u2013<strong> les organismes financiers non bancaires&nbsp;<\/strong>(exemple&nbsp;: organisme de cr\u00e9dit-bail ou d\u2019affacturage)&nbsp;;<br>\u2013 plus g\u00e9n\u00e9ralement, toute&nbsp;<strong><a href=\"https:\/\/mbacapital.com\/en\/ingenierie-financiere\/\">source de financement hors capital<\/a> <\/strong>(pr\u00eats participatifs, subventions, cr\u00e9dit imp\u00f4t recherche, cr\u00e9dit imp\u00f4t innovation, etc.).<\/p>\n\n\n\n<p><em>&nbsp;<strong>Les points forts de notre intervention<\/strong><\/em><\/p>\n\n\n\n<p><strong>Parfaite ind\u00e9pendance <\/strong>vis-\u00e0-vis des r\u00e9seaux bancaires ou fonds<\/p>\n\n\n\n<p><strong>Ma\u00eetrise de&nbsp;l\u2019ensemble&nbsp;de la palette<\/strong>&nbsp;des instruments financiers<\/p>","protected":false},"excerpt":{"rendered":"<p>Sp\u00e9cialiste des montages de financements structur\u00e9s, MBA Capital aide les entreprises, PME et ETI, \u00e0 int\u00e9grer l\u2019emprunt bancaire ainsi que&#8230;<\/p>","protected":false},"author":2,"featured_media":0,"parent":256,"menu_order":0,"comment_status":"closed","ping_status":"closed","template":"page-without-realisations.php","meta":{"_acf_changed":false,"footnotes":""},"class_list":["post-5488","page","type-page","status-publish","hentry"],"acf":[],"yoast_head":"<!-- This site is optimized with the Yoast SEO plugin v27.3 - https:\/\/yoast.com\/product\/yoast-seo-wordpress\/ -->\n<title>Comment optimiser ses financements bancaires ? | MBA Capital<\/title>\n<meta name=\"description\" content=\"MBA Capital aide les entreprises \u00e0 int\u00e9grer l\u2019emprunt bancaire ainsi que ses solutions alternatives \u00e0 leur processus d\u2019ing\u00e9nierie financi\u00e8re.\" \/>\n<meta name=\"robots\" content=\"index, follow, max-snippet:-1, max-image-preview:large, max-video-preview:-1\" \/>\n<link rel=\"canonical\" href=\"https:\/\/mbacapital.com\/en\/ingenierie-financiere\/comment-optimiser-ses-financements-bancaires\/\" \/>\n<meta property=\"og:locale\" content=\"en_US\" \/>\n<meta property=\"og:type\" content=\"article\" \/>\n<meta property=\"og:title\" content=\"Comment optimiser ses financements bancaires ? | MBA Capital\" \/>\n<meta property=\"og:description\" content=\"MBA Capital aide les entreprises \u00e0 int\u00e9grer l\u2019emprunt bancaire ainsi que ses solutions alternatives \u00e0 leur processus d\u2019ing\u00e9nierie financi\u00e8re.\" \/>\n<meta property=\"og:url\" content=\"https:\/\/mbacapital.com\/en\/ingenierie-financiere\/comment-optimiser-ses-financements-bancaires\/\" \/>\n<meta property=\"og:site_name\" content=\"MBA Capital\" \/>\n<meta property=\"article:modified_time\" content=\"2022-02-16T15:02:17+00:00\" \/>\n<meta name=\"twitter:card\" content=\"summary_large_image\" \/>\n<meta name=\"twitter:label1\" content=\"Est. reading time\" \/>\n\t<meta name=\"twitter:data1\" content=\"1 minute\" \/>\n<script type=\"application\/ld+json\" class=\"yoast-schema-graph\">{\"@context\":\"https:\\\/\\\/schema.org\",\"@graph\":[{\"@type\":\"WebPage\",\"@id\":\"https:\\\/\\\/mbacapital.com\\\/ingenierie-financiere\\\/comment-optimiser-ses-financements-bancaires\\\/\",\"url\":\"https:\\\/\\\/mbacapital.com\\\/ingenierie-financiere\\\/comment-optimiser-ses-financements-bancaires\\\/\",\"name\":\"Comment optimiser ses financements bancaires ? | MBA Capital\",\"isPartOf\":{\"@id\":\"https:\\\/\\\/mbacapital.com\\\/en\\\/#website\"},\"datePublished\":\"2021-02-11T10:06:23+00:00\",\"dateModified\":\"2022-02-16T15:02:17+00:00\",\"description\":\"MBA Capital aide les entreprises \u00e0 int\u00e9grer l\u2019emprunt bancaire ainsi que ses solutions alternatives \u00e0 leur processus d\u2019ing\u00e9nierie financi\u00e8re.\",\"breadcrumb\":{\"@id\":\"https:\\\/\\\/mbacapital.com\\\/ingenierie-financiere\\\/comment-optimiser-ses-financements-bancaires\\\/#breadcrumb\"},\"inLanguage\":\"en-US\",\"potentialAction\":[{\"@type\":\"ReadAction\",\"target\":[\"https:\\\/\\\/mbacapital.com\\\/ingenierie-financiere\\\/comment-optimiser-ses-financements-bancaires\\\/\"]}]},{\"@type\":\"BreadcrumbList\",\"@id\":\"https:\\\/\\\/mbacapital.com\\\/ingenierie-financiere\\\/comment-optimiser-ses-financements-bancaires\\\/#breadcrumb\",\"itemListElement\":[{\"@type\":\"ListItem\",\"position\":1,\"name\":\"Accueil\",\"item\":\"https:\\\/\\\/mbacapital.com\\\/en\\\/\"},{\"@type\":\"ListItem\",\"position\":2,\"name\":\"Ing\u00e9nierie financi\u00e8re\",\"item\":\"https:\\\/\\\/mbacapital.com\\\/ingenierie-financiere\\\/\"},{\"@type\":\"ListItem\",\"position\":3,\"name\":\"Comment optimiser ses financements bancaires ?\"}]},{\"@type\":\"WebSite\",\"@id\":\"https:\\\/\\\/mbacapital.com\\\/en\\\/#website\",\"url\":\"https:\\\/\\\/mbacapital.com\\\/en\\\/\",\"name\":\"MBA Capital\",\"description\":\"Le sp\u00e9cialiste du conseil en cession, fusion-acquisition aupr\u00e8s des PME et ETI depuis 1998\",\"publisher\":{\"@id\":\"https:\\\/\\\/mbacapital.com\\\/en\\\/#organization\"},\"potentialAction\":[{\"@type\":\"SearchAction\",\"target\":{\"@type\":\"EntryPoint\",\"urlTemplate\":\"https:\\\/\\\/mbacapital.com\\\/en\\\/?s={search_term_string}\"},\"query-input\":{\"@type\":\"PropertyValueSpecification\",\"valueRequired\":true,\"valueName\":\"search_term_string\"}}],\"inLanguage\":\"en-US\"},{\"@type\":\"Organization\",\"@id\":\"https:\\\/\\\/mbacapital.com\\\/en\\\/#organization\",\"name\":\"MBA Capital\",\"url\":\"https:\\\/\\\/mbacapital.com\\\/en\\\/\",\"logo\":{\"@type\":\"ImageObject\",\"inLanguage\":\"en-US\",\"@id\":\"https:\\\/\\\/mbacapital.com\\\/en\\\/#\\\/schema\\\/logo\\\/image\\\/\",\"url\":\"https:\\\/\\\/mbacapital.com\\\/app\\\/uploads\\\/2021\\\/01\\\/cropped-favicon.png\",\"contentUrl\":\"https:\\\/\\\/mbacapital.com\\\/app\\\/uploads\\\/2021\\\/01\\\/cropped-favicon.png\",\"width\":512,\"height\":512,\"caption\":\"MBA Capital\"},\"image\":{\"@id\":\"https:\\\/\\\/mbacapital.com\\\/en\\\/#\\\/schema\\\/logo\\\/image\\\/\"}}]}<\/script>\n<!-- \/ Yoast SEO plugin. -->","yoast_head_json":{"title":"Comment optimiser ses financements bancaires ? | MBA Capital","description":"MBA Capital aide les entreprises \u00e0 int\u00e9grer l\u2019emprunt bancaire ainsi que ses solutions alternatives \u00e0 leur processus d\u2019ing\u00e9nierie financi\u00e8re.","robots":{"index":"index","follow":"follow","max-snippet":"max-snippet:-1","max-image-preview":"max-image-preview:large","max-video-preview":"max-video-preview:-1"},"canonical":"https:\/\/mbacapital.com\/en\/ingenierie-financiere\/comment-optimiser-ses-financements-bancaires\/","og_locale":"en_US","og_type":"article","og_title":"Comment optimiser ses financements bancaires ? | MBA Capital","og_description":"MBA Capital aide les entreprises \u00e0 int\u00e9grer l\u2019emprunt bancaire ainsi que ses solutions alternatives \u00e0 leur processus d\u2019ing\u00e9nierie financi\u00e8re.","og_url":"https:\/\/mbacapital.com\/en\/ingenierie-financiere\/comment-optimiser-ses-financements-bancaires\/","og_site_name":"MBA Capital","article_modified_time":"2022-02-16T15:02:17+00:00","twitter_card":"summary_large_image","twitter_misc":{"Est. reading time":"1 minute"},"schema":{"@context":"https:\/\/schema.org","@graph":[{"@type":"WebPage","@id":"https:\/\/mbacapital.com\/ingenierie-financiere\/comment-optimiser-ses-financements-bancaires\/","url":"https:\/\/mbacapital.com\/ingenierie-financiere\/comment-optimiser-ses-financements-bancaires\/","name":"Comment optimiser ses financements bancaires ? | MBA Capital","isPartOf":{"@id":"https:\/\/mbacapital.com\/en\/#website"},"datePublished":"2021-02-11T10:06:23+00:00","dateModified":"2022-02-16T15:02:17+00:00","description":"MBA Capital aide les entreprises \u00e0 int\u00e9grer l\u2019emprunt bancaire ainsi que ses solutions alternatives \u00e0 leur processus d\u2019ing\u00e9nierie financi\u00e8re.","breadcrumb":{"@id":"https:\/\/mbacapital.com\/ingenierie-financiere\/comment-optimiser-ses-financements-bancaires\/#breadcrumb"},"inLanguage":"en-US","potentialAction":[{"@type":"ReadAction","target":["https:\/\/mbacapital.com\/ingenierie-financiere\/comment-optimiser-ses-financements-bancaires\/"]}]},{"@type":"BreadcrumbList","@id":"https:\/\/mbacapital.com\/ingenierie-financiere\/comment-optimiser-ses-financements-bancaires\/#breadcrumb","itemListElement":[{"@type":"ListItem","position":1,"name":"Accueil","item":"https:\/\/mbacapital.com\/en\/"},{"@type":"ListItem","position":2,"name":"Ing\u00e9nierie financi\u00e8re","item":"https:\/\/mbacapital.com\/ingenierie-financiere\/"},{"@type":"ListItem","position":3,"name":"Comment optimiser ses financements bancaires ?"}]},{"@type":"WebSite","@id":"https:\/\/mbacapital.com\/en\/#website","url":"https:\/\/mbacapital.com\/en\/","name":"MBA Capital","description":"Le sp\u00e9cialiste du conseil en cession, fusion-acquisition aupr\u00e8s des PME et ETI depuis 1998","publisher":{"@id":"https:\/\/mbacapital.com\/en\/#organization"},"potentialAction":[{"@type":"SearchAction","target":{"@type":"EntryPoint","urlTemplate":"https:\/\/mbacapital.com\/en\/?s={search_term_string}"},"query-input":{"@type":"PropertyValueSpecification","valueRequired":true,"valueName":"search_term_string"}}],"inLanguage":"en-US"},{"@type":"Organization","@id":"https:\/\/mbacapital.com\/en\/#organization","name":"MBA Capital","url":"https:\/\/mbacapital.com\/en\/","logo":{"@type":"ImageObject","inLanguage":"en-US","@id":"https:\/\/mbacapital.com\/en\/#\/schema\/logo\/image\/","url":"https:\/\/mbacapital.com\/app\/uploads\/2021\/01\/cropped-favicon.png","contentUrl":"https:\/\/mbacapital.com\/app\/uploads\/2021\/01\/cropped-favicon.png","width":512,"height":512,"caption":"MBA Capital"},"image":{"@id":"https:\/\/mbacapital.com\/en\/#\/schema\/logo\/image\/"}}]}},"_links":{"self":[{"href":"https:\/\/mbacapital.com\/en\/wp-json\/wp\/v2\/pages\/5488","targetHints":{"allow":["GET"]}}],"collection":[{"href":"https:\/\/mbacapital.com\/en\/wp-json\/wp\/v2\/pages"}],"about":[{"href":"https:\/\/mbacapital.com\/en\/wp-json\/wp\/v2\/types\/page"}],"author":[{"embeddable":true,"href":"https:\/\/mbacapital.com\/en\/wp-json\/wp\/v2\/users\/2"}],"replies":[{"embeddable":true,"href":"https:\/\/mbacapital.com\/en\/wp-json\/wp\/v2\/comments?post=5488"}],"version-history":[{"count":3,"href":"https:\/\/mbacapital.com\/en\/wp-json\/wp\/v2\/pages\/5488\/revisions"}],"predecessor-version":[{"id":7735,"href":"https:\/\/mbacapital.com\/en\/wp-json\/wp\/v2\/pages\/5488\/revisions\/7735"}],"up":[{"embeddable":true,"href":"https:\/\/mbacapital.com\/en\/wp-json\/wp\/v2\/pages\/256"}],"wp:attachment":[{"href":"https:\/\/mbacapital.com\/en\/wp-json\/wp\/v2\/media?parent=5488"}],"curies":[{"name":"wp","href":"https:\/\/api.w.org\/{rel}","templated":true}]}}