{"id":9468,"date":"2025-04-01T12:32:53","date_gmt":"2025-04-01T10:32:53","guid":{"rendered":"https:\/\/mbacapital.com\/?page_id=9468"},"modified":"2025-07-16T10:34:40","modified_gmt":"2025-07-16T08:34:40","slug":"conseils-professionnels-parcours-cession-entreprise","status":"publish","type":"page","link":"https:\/\/mbacapital.com\/en\/conseils-professionnels-parcours-cession-entreprise\/","title":{"rendered":"Les meilleurs conseils de professionnels tout au long du parcours de la cession d&rsquo;entreprise"},"content":{"rendered":"<h2>Projet de cession : \u00e9vitez les pi\u00e8ges et maximisez vos chances de succ\u00e8s<\/h2>\n<p><!-- \/wp:post-content --> <!-- wp:paragraph --><\/p>\n<p>En tant que dirigeant d&rsquo;entreprise vous vous demandez quelles sont les cl\u00e9s pour r\u00e9ussir votre cession d&rsquo;entreprise ? Comment bien choisir son conseil ? Pr\u00e9parer son projet ? Mener les n\u00e9gociations ? Etc.<\/p>\n<p>Vous le verrez, une cession ne s&rsquo;improvise pas. Prendre en compte tous les \u00e9l\u00e9ments cit\u00e9s dans ce book vous aidera \u00e0 appr\u00e9hender de mani\u00e8re plus claire et pos\u00e9e ce moment de pression, \u00e0 gagner du temps, \u00e0 mieux vous organiser pour g\u00e9rer en parall\u00e8le la bonne marche de l&rsquo;entreprise, \u00e0 \u00e9tablir la bonne strat\u00e9gie, \u00e0 s\u00e9curiser votre op\u00e9ration et \u00e0 prendre les meilleures d\u00e9cisions en sachant \u00e0 qui vous adresser.<\/p>\n\n<!-- wp:columns -->\n<div class=\"wp-block-columns\"><!-- wp:column -->\n<div class=\"wp-block-column\"><!-- wp:image {\"id\":9467,\"sizeSlug\":\"full\",\"linkDestination\":\"none\"} -->\n<figure class=\"wp-block-image size-full\"><img fetchpriority=\"high\" decoding=\"async\" width=\"600\" height=\"400\" src=\"https:\/\/mbacapital.com\/app\/uploads\/2025\/03\/conseils-professionnels-cession-entreprise.png\" alt=\"\" class=\"wp-image-9467\" srcset=\"https:\/\/mbacapital.com\/app\/uploads\/2025\/03\/conseils-professionnels-cession-entreprise.png 600w, https:\/\/mbacapital.com\/app\/uploads\/2025\/03\/conseils-professionnels-cession-entreprise-300x200.png 300w, https:\/\/mbacapital.com\/app\/uploads\/2025\/03\/conseils-professionnels-cession-entreprise-18x12.png 18w\" sizes=\"(max-width: 600px) 100vw, 600px\" \/><\/figure>\n<!-- \/wp:image --><\/div>\n<!-- \/wp:column -->\n\n<!-- wp:column -->\n<div class=\"wp-block-column\"><!-- wp:shortcode -->\n\n\t\t\t\t<script src=\"https:\/\/challenges.cloudflare.com\/turnstile\/v0\/api.js\"><\/script>\n\n\t\t\t\n\t\t\t<form id=\"sib_signup_form_5\" method=\"post\" class=\"sib_signup_form\" data-no-translation=\"\" action=\"\">\n\t\t\t\t<div class=\"sib_loader\" style=\"display:none;\"><img\n\t\t\t\t\t\t\tsrc=\"https:\/\/mbacapital.com\/wp\/wp-includes\/images\/spinner.gif\" alt=\"loader\"><\/div>\n\t\t\t\t<input type=\"hidden\" name=\"sib_form_action\" value=\"subscribe_form_submit\">\n\t\t\t\t<input type=\"hidden\" name=\"sib_form_id\" value=\"5\">\n                <input type=\"hidden\" name=\"sib_form_alert_notice\" value=\"Remplissez ce champ s\u2019il vous pla\u00eet\">\n                <input type=\"hidden\" name=\"sib_form_invalid_email_notice\" value=\"Cette adresse email n&#039;est pas valide\">\n                <input type=\"hidden\" name=\"sib_security\" value=\"2024695779\">\n\t\t\t\t<div class=\"sib_signup_box_inside_5\">\n\t\t\t\t\t<div style=\"\/*display:none*\/\" class=\"sib_msg_disp\">\n\t\t\t\t\t<\/div>\n                                            <div id=\"sib_captcha_invisible\" class=\"invi-recaptcha\" data-sitekey=\"\"><\/div>\n                    \t\t\t\t\t<p class=\"sib-ENTREPRISE-area\"> \r\n    <label class=\"sib-ENTREPRISE-area\">Entreprise*<\/label> \r\n    <input type=\"text\" class=\"sib-ENTREPRISE-area\" name=\"ENTREPRISE\" required=\"required\"> \r\n<\/p>\r\n<p class=\"sib-PRENOM-area\"> \r\n    <label class=\"sib-PRENOM-area\">Pr\u00e9nom*<\/label> \r\n    <input type=\"text\" class=\"sib-PRENOM-area\" name=\"PRENOM\" required=\"required\"> \r\n<\/p>\r\n<p class=\"sib-NOM-area\"> \r\n    <label class=\"sib-NOM-area\">Nom*<\/label> \r\n    <input type=\"text\" class=\"sib-NOM-area\" name=\"NOM\" required=\"required\"> \r\n<\/p>\r\n<p class=\"sib-email-area\">\r\n    Adresse mail*\r\n    <input type=\"email\" class=\"sib-email-area\" name=\"email\" required=\"required\">\r\n<\/p>\r\n\r\n<p class=\"sib-CODE_POSTAL-area\"> \r\n    <label class=\"sib-CODE_POSTAL-area\">Code postal*<\/label> \r\n    <input type=\"text\" class=\"sib-CODE_POSTAL-area\" name=\"CODE_POSTAL\" required=\"required\"> \r\n<\/p>\r\n<p>\r\n    <input type=\"submit\" class=\"sib-default-btn\" value=\"Je re\u00e7ois le livre blanc MBA Capital\">\r\n<\/p>\r\nEn t\u00e9l\u00e9chargeant ce document vous acceptez de recevoir nos communications.\r\n<div id=\"cf-turnstile-0x4AAAAAABSUv5s2O2b-23Oo\" class=\"cf-turnstile\" data-error-callback=\"errorCallbackForTurnstileErrors\" data-sitekey=\"0x4AAAAAABSUv5s2O2b-23Oo\" data-theme=\"auto\"><\/div>\t\t\t\t<\/div>\n\t\t\t<input type=\"hidden\" name=\"trp-form-language\" value=\"en\"\/><\/form>\n\t\t\t<style>\n\t\t\t\tform#sib_signup_form_5 p.sib-alert-message {\n    padding: 6px 12px;\n    margin-bottom: 20px;\n    border: 1px solid transparent;\n    border-radius: 4px;\n    -webkit-box-sizing: border-box;\n    -moz-box-sizing: border-box;\n    box-sizing: border-box;\n}\nform#sib_signup_form_5 p.sib-alert-message-error {\n    background-color: #f2dede;\n    border-color: #ebccd1;\n    color: #a94442;\n}\nform#sib_signup_form_5 p.sib-alert-message-success {\n    background-color: #dff0d8;\n    border-color: #d6e9c6;\n    color: #3c763d;\n}\nform#sib_signup_form_5 p.sib-alert-message-warning {\n    background-color: #fcf8e3;\n    border-color: #faebcc;\n    color: #8a6d3b;\n}\n\t\t\t<\/style>\n\t\t\t\n<!-- \/wp:shortcode --><\/div>\n<!-- \/wp:column --><\/div>\n<!-- \/wp:columns -->","protected":false},"excerpt":{"rendered":"<p>Projet de cession : \u00e9vitez les pi\u00e8ges et maximisez vos chances de succ\u00e8s En tant que dirigeant d&rsquo;entreprise vous vous&#8230;<\/p>","protected":false},"author":4,"featured_media":0,"parent":0,"menu_order":0,"comment_status":"closed","ping_status":"closed","template":"","meta":{"_acf_changed":false,"footnotes":""},"class_list":["post-9468","page","type-page","status-publish","hentry"],"acf":[],"yoast_head":"<!-- This site is optimized with the Yoast SEO plugin v27.3 - https:\/\/yoast.com\/product\/yoast-seo-wordpress\/ -->\n<title>Les meilleurs conseils de professionnels pour une cession d&#039;entreprise<\/title>\n<meta name=\"description\" content=\"Projet de cession ou d\u2019acquisition : \u00e9vitez les pi\u00e8ges et maximisez vos chances de succ\u00e8s. En tant que dirigeant d&#039;entreprise vous vous demandez quelles sont les cl\u00e9s pour r\u00e9ussir votre cession d&#039;entreprise ?\" \/>\n<meta name=\"robots\" content=\"index, follow, max-snippet:-1, max-image-preview:large, max-video-preview:-1\" \/>\n<link rel=\"canonical\" href=\"https:\/\/mbacapital.com\/en\/conseils-professionnels-parcours-cession-entreprise\/\" \/>\n<meta property=\"og:locale\" content=\"en_US\" \/>\n<meta property=\"og:type\" content=\"article\" \/>\n<meta property=\"og:title\" content=\"Les meilleurs conseils de professionnels pour une cession d&#039;entreprise\" \/>\n<meta property=\"og:description\" content=\"Projet de cession ou d\u2019acquisition : \u00e9vitez les pi\u00e8ges et maximisez vos chances de succ\u00e8s. En tant que dirigeant d&#039;entreprise vous vous demandez quelles sont les cl\u00e9s pour r\u00e9ussir votre cession d&#039;entreprise ?\" \/>\n<meta property=\"og:url\" content=\"https:\/\/mbacapital.com\/en\/conseils-professionnels-parcours-cession-entreprise\/\" \/>\n<meta property=\"og:site_name\" content=\"MBA Capital\" \/>\n<meta property=\"article:modified_time\" content=\"2025-07-16T08:34:40+00:00\" \/>\n<meta property=\"og:image\" content=\"https:\/\/mbacapital.com\/app\/uploads\/2025\/03\/conseils-professionnels-cession-entreprise.png\" \/>\n<meta name=\"twitter:card\" content=\"summary_large_image\" \/>\n<meta name=\"twitter:label1\" content=\"Est. reading time\" \/>\n\t<meta name=\"twitter:data1\" content=\"1 minute\" \/>\n<script type=\"application\/ld+json\" class=\"yoast-schema-graph\">{\"@context\":\"https:\\\/\\\/schema.org\",\"@graph\":[{\"@type\":\"WebPage\",\"@id\":\"https:\\\/\\\/mbacapital.com\\\/conseils-professionnels-parcours-cession-entreprise\\\/\",\"url\":\"https:\\\/\\\/mbacapital.com\\\/conseils-professionnels-parcours-cession-entreprise\\\/\",\"name\":\"Les meilleurs conseils de professionnels pour une cession d'entreprise\",\"isPartOf\":{\"@id\":\"https:\\\/\\\/mbacapital.com\\\/en\\\/#website\"},\"primaryImageOfPage\":{\"@id\":\"https:\\\/\\\/mbacapital.com\\\/conseils-professionnels-parcours-cession-entreprise\\\/#primaryimage\"},\"image\":{\"@id\":\"https:\\\/\\\/mbacapital.com\\\/conseils-professionnels-parcours-cession-entreprise\\\/#primaryimage\"},\"thumbnailUrl\":\"https:\\\/\\\/mbacapital.com\\\/app\\\/uploads\\\/2025\\\/03\\\/conseils-professionnels-cession-entreprise.png\",\"datePublished\":\"2025-04-01T10:32:53+00:00\",\"dateModified\":\"2025-07-16T08:34:40+00:00\",\"description\":\"Projet de cession ou d\u2019acquisition : \u00e9vitez les pi\u00e8ges et maximisez vos chances de succ\u00e8s. En tant que dirigeant d'entreprise vous vous demandez quelles sont les cl\u00e9s pour r\u00e9ussir votre cession d'entreprise ?\",\"breadcrumb\":{\"@id\":\"https:\\\/\\\/mbacapital.com\\\/conseils-professionnels-parcours-cession-entreprise\\\/#breadcrumb\"},\"inLanguage\":\"en-US\",\"potentialAction\":[{\"@type\":\"ReadAction\",\"target\":[\"https:\\\/\\\/mbacapital.com\\\/conseils-professionnels-parcours-cession-entreprise\\\/\"]}]},{\"@type\":\"ImageObject\",\"inLanguage\":\"en-US\",\"@id\":\"https:\\\/\\\/mbacapital.com\\\/conseils-professionnels-parcours-cession-entreprise\\\/#primaryimage\",\"url\":\"https:\\\/\\\/mbacapital.com\\\/app\\\/uploads\\\/2025\\\/03\\\/conseils-professionnels-cession-entreprise.png\",\"contentUrl\":\"https:\\\/\\\/mbacapital.com\\\/app\\\/uploads\\\/2025\\\/03\\\/conseils-professionnels-cession-entreprise.png\"},{\"@type\":\"BreadcrumbList\",\"@id\":\"https:\\\/\\\/mbacapital.com\\\/conseils-professionnels-parcours-cession-entreprise\\\/#breadcrumb\",\"itemListElement\":[{\"@type\":\"ListItem\",\"position\":1,\"name\":\"Accueil\",\"item\":\"https:\\\/\\\/mbacapital.com\\\/en\\\/\"},{\"@type\":\"ListItem\",\"position\":2,\"name\":\"Les meilleurs conseils de professionnels tout au long du parcours de la cession d&rsquo;entreprise\"}]},{\"@type\":\"WebSite\",\"@id\":\"https:\\\/\\\/mbacapital.com\\\/en\\\/#website\",\"url\":\"https:\\\/\\\/mbacapital.com\\\/en\\\/\",\"name\":\"MBA Capital\",\"description\":\"Le sp\u00e9cialiste du conseil en cession, fusion-acquisition aupr\u00e8s des PME et ETI depuis 1998\",\"publisher\":{\"@id\":\"https:\\\/\\\/mbacapital.com\\\/en\\\/#organization\"},\"potentialAction\":[{\"@type\":\"SearchAction\",\"target\":{\"@type\":\"EntryPoint\",\"urlTemplate\":\"https:\\\/\\\/mbacapital.com\\\/en\\\/?s={search_term_string}\"},\"query-input\":{\"@type\":\"PropertyValueSpecification\",\"valueRequired\":true,\"valueName\":\"search_term_string\"}}],\"inLanguage\":\"en-US\"},{\"@type\":\"Organization\",\"@id\":\"https:\\\/\\\/mbacapital.com\\\/en\\\/#organization\",\"name\":\"MBA Capital\",\"url\":\"https:\\\/\\\/mbacapital.com\\\/en\\\/\",\"logo\":{\"@type\":\"ImageObject\",\"inLanguage\":\"en-US\",\"@id\":\"https:\\\/\\\/mbacapital.com\\\/en\\\/#\\\/schema\\\/logo\\\/image\\\/\",\"url\":\"https:\\\/\\\/mbacapital.com\\\/app\\\/uploads\\\/2021\\\/01\\\/cropped-favicon.png\",\"contentUrl\":\"https:\\\/\\\/mbacapital.com\\\/app\\\/uploads\\\/2021\\\/01\\\/cropped-favicon.png\",\"width\":512,\"height\":512,\"caption\":\"MBA Capital\"},\"image\":{\"@id\":\"https:\\\/\\\/mbacapital.com\\\/en\\\/#\\\/schema\\\/logo\\\/image\\\/\"}}]}<\/script>\n<!-- \/ Yoast SEO plugin. -->","yoast_head_json":{"title":"Les meilleurs conseils de professionnels pour une cession d'entreprise","description":"Projet de cession ou d\u2019acquisition : \u00e9vitez les pi\u00e8ges et maximisez vos chances de succ\u00e8s. En tant que dirigeant d'entreprise vous vous demandez quelles sont les cl\u00e9s pour r\u00e9ussir votre cession d'entreprise ?","robots":{"index":"index","follow":"follow","max-snippet":"max-snippet:-1","max-image-preview":"max-image-preview:large","max-video-preview":"max-video-preview:-1"},"canonical":"https:\/\/mbacapital.com\/en\/conseils-professionnels-parcours-cession-entreprise\/","og_locale":"en_US","og_type":"article","og_title":"Les meilleurs conseils de professionnels pour une cession d'entreprise","og_description":"Projet de cession ou d\u2019acquisition : \u00e9vitez les pi\u00e8ges et maximisez vos chances de succ\u00e8s. En tant que dirigeant d'entreprise vous vous demandez quelles sont les cl\u00e9s pour r\u00e9ussir votre cession d'entreprise ?","og_url":"https:\/\/mbacapital.com\/en\/conseils-professionnels-parcours-cession-entreprise\/","og_site_name":"MBA Capital","article_modified_time":"2025-07-16T08:34:40+00:00","og_image":[{"url":"https:\/\/mbacapital.com\/app\/uploads\/2025\/03\/conseils-professionnels-cession-entreprise.png","type":"","width":"","height":""}],"twitter_card":"summary_large_image","twitter_misc":{"Est. reading time":"1 minute"},"schema":{"@context":"https:\/\/schema.org","@graph":[{"@type":"WebPage","@id":"https:\/\/mbacapital.com\/conseils-professionnels-parcours-cession-entreprise\/","url":"https:\/\/mbacapital.com\/conseils-professionnels-parcours-cession-entreprise\/","name":"Les meilleurs conseils de professionnels pour une cession d'entreprise","isPartOf":{"@id":"https:\/\/mbacapital.com\/en\/#website"},"primaryImageOfPage":{"@id":"https:\/\/mbacapital.com\/conseils-professionnels-parcours-cession-entreprise\/#primaryimage"},"image":{"@id":"https:\/\/mbacapital.com\/conseils-professionnels-parcours-cession-entreprise\/#primaryimage"},"thumbnailUrl":"https:\/\/mbacapital.com\/app\/uploads\/2025\/03\/conseils-professionnels-cession-entreprise.png","datePublished":"2025-04-01T10:32:53+00:00","dateModified":"2025-07-16T08:34:40+00:00","description":"Projet de cession ou d\u2019acquisition : \u00e9vitez les pi\u00e8ges et maximisez vos chances de succ\u00e8s. En tant que dirigeant d'entreprise vous vous demandez quelles sont les cl\u00e9s pour r\u00e9ussir votre cession d'entreprise ?","breadcrumb":{"@id":"https:\/\/mbacapital.com\/conseils-professionnels-parcours-cession-entreprise\/#breadcrumb"},"inLanguage":"en-US","potentialAction":[{"@type":"ReadAction","target":["https:\/\/mbacapital.com\/conseils-professionnels-parcours-cession-entreprise\/"]}]},{"@type":"ImageObject","inLanguage":"en-US","@id":"https:\/\/mbacapital.com\/conseils-professionnels-parcours-cession-entreprise\/#primaryimage","url":"https:\/\/mbacapital.com\/app\/uploads\/2025\/03\/conseils-professionnels-cession-entreprise.png","contentUrl":"https:\/\/mbacapital.com\/app\/uploads\/2025\/03\/conseils-professionnels-cession-entreprise.png"},{"@type":"BreadcrumbList","@id":"https:\/\/mbacapital.com\/conseils-professionnels-parcours-cession-entreprise\/#breadcrumb","itemListElement":[{"@type":"ListItem","position":1,"name":"Accueil","item":"https:\/\/mbacapital.com\/en\/"},{"@type":"ListItem","position":2,"name":"Les meilleurs conseils de professionnels tout au long du parcours de la cession d&rsquo;entreprise"}]},{"@type":"WebSite","@id":"https:\/\/mbacapital.com\/en\/#website","url":"https:\/\/mbacapital.com\/en\/","name":"MBA Capital","description":"Le sp\u00e9cialiste du conseil en cession, fusion-acquisition aupr\u00e8s des PME et ETI depuis 1998","publisher":{"@id":"https:\/\/mbacapital.com\/en\/#organization"},"potentialAction":[{"@type":"SearchAction","target":{"@type":"EntryPoint","urlTemplate":"https:\/\/mbacapital.com\/en\/?s={search_term_string}"},"query-input":{"@type":"PropertyValueSpecification","valueRequired":true,"valueName":"search_term_string"}}],"inLanguage":"en-US"},{"@type":"Organization","@id":"https:\/\/mbacapital.com\/en\/#organization","name":"MBA Capital","url":"https:\/\/mbacapital.com\/en\/","logo":{"@type":"ImageObject","inLanguage":"en-US","@id":"https:\/\/mbacapital.com\/en\/#\/schema\/logo\/image\/","url":"https:\/\/mbacapital.com\/app\/uploads\/2021\/01\/cropped-favicon.png","contentUrl":"https:\/\/mbacapital.com\/app\/uploads\/2021\/01\/cropped-favicon.png","width":512,"height":512,"caption":"MBA Capital"},"image":{"@id":"https:\/\/mbacapital.com\/en\/#\/schema\/logo\/image\/"}}]}},"_links":{"self":[{"href":"https:\/\/mbacapital.com\/en\/wp-json\/wp\/v2\/pages\/9468","targetHints":{"allow":["GET"]}}],"collection":[{"href":"https:\/\/mbacapital.com\/en\/wp-json\/wp\/v2\/pages"}],"about":[{"href":"https:\/\/mbacapital.com\/en\/wp-json\/wp\/v2\/types\/page"}],"author":[{"embeddable":true,"href":"https:\/\/mbacapital.com\/en\/wp-json\/wp\/v2\/users\/4"}],"replies":[{"embeddable":true,"href":"https:\/\/mbacapital.com\/en\/wp-json\/wp\/v2\/comments?post=9468"}],"version-history":[{"count":32,"href":"https:\/\/mbacapital.com\/en\/wp-json\/wp\/v2\/pages\/9468\/revisions"}],"predecessor-version":[{"id":9653,"href":"https:\/\/mbacapital.com\/en\/wp-json\/wp\/v2\/pages\/9468\/revisions\/9653"}],"wp:attachment":[{"href":"https:\/\/mbacapital.com\/en\/wp-json\/wp\/v2\/media?parent=9468"}],"curies":[{"name":"wp","href":"https:\/\/api.w.org\/{rel}","templated":true}]}}